{"id":67,"date":"2018-06-10T21:02:15","date_gmt":"2018-06-10T20:02:15","guid":{"rendered":"http:\/\/www.rvdv.net\/2008\/?page_id=67"},"modified":"2026-01-06T16:58:15","modified_gmt":"2026-01-06T15:58:15","slug":"presse-press","status":"publish","type":"page","link":"http:\/\/www.rvdv.net\/2008\/presse-press\/","title":{"rendered":"Documents"},"content":{"rendered":"<p>Contact presse, <em>Press contact<\/em> : Nathalie Foucher-Battais, Ensad<br \/>\nt\u00e9l.: 01 42 34 97 31, fax.: 01 42 34 97 87<br \/>\nfoucher-battais[\u00e0]ensad.fr<\/p>\n<p>&gt; T\u00e9l\u00e9charger le <a href=\"http:\/\/www.rvdv.net\/2008\/wp-download\/Mobilisable_291008.pdf\" target=\"_blank\" rel=\"noopener\">communiqu\u00e9 de presse<br \/>\n<\/a>&gt; <em>Download the <a href=\"http:\/\/www.rvdv.net\/2008\/wp-download\/Mobilisable_291008.pdf\" target=\"_blank\" rel=\"noopener\">press release<\/a><\/em><\/p>\n<p>&gt; T\u00e9l\u00e9charger le <a href=\"http:\/\/www.rvdv.net\/2008\/wp-download\/mobilisable_flyer.pdf\" target=\"_blank\" rel=\"noopener\">flyer<br \/>\n<\/a>&gt; <em>Download the <a href=\"http:\/\/www.rvdv.net\/2008\/wp-download\/mobilisable_flyer.pdf\" target=\"_blank\" rel=\"noopener\">flyer<\/a><\/em><\/p>\n<p>&gt; Photographies disponibles pour publications (cliquer sur les vignettes pour les t\u00e9l\u00e9charger)<br \/>\n&gt; \u2028<em>Available photographs for publication (click on the images in order to download)<\/em><\/p>\n<p><a href=\"http:\/\/www.rvdv.net\/2008\/wp-download\/Orch1.jpg\" target=\"_blank\" rel=\"noopener\" data-rel=\"lightbox-image-0\" data-rl_title=\"\" data-rl_caption=\"\"><img loading=\"lazy\" decoding=\"async\" class=\"alignnone size-full wp-image-344\" title=\"\" src=\"http:\/\/www.rvdv.net\/2008\/wp-content\/uploads\/2008\/10\/vorch1.jpg\" alt=\"\" width=\"150\" height=\"200\" \/><br \/>\nMasaki Fujihata <em>Orchisoid<\/em> 2001<\/a> \u00a9 ascii.jp<a href=\"http:\/\/www.rvdv.net\/2008\/wp-download\/Orch1.jpg\" target=\"_blank\" rel=\"noopener\" data-rel=\"lightbox-image-1\" data-rl_title=\"\" data-rl_caption=\"\" title=\"\"><br \/>\n<\/a><\/p>\n<p><a href=\"http:\/\/www.rvdv.net\/2008\/wp-download\/MoPa1.jpg\" target=\"_blank\" rel=\"noopener\" data-rel=\"lightbox-image-2\" data-rl_title=\"\" data-rl_caption=\"\"><img loading=\"lazy\" decoding=\"async\" class=\"alignnone size-full wp-image-346\" title=\"\" src=\"http:\/\/www.rvdv.net\/2008\/wp-content\/uploads\/2008\/10\/vmopa1.jpg\" alt=\"\" width=\"200\" height=\"150\" \/><br \/>\nMasaki Fujihata <em>Morel\u2019s Panorama<\/em> 2003<\/a><\/p>\n<p><a href=\"http:\/\/www.rvdv.net\/2008\/wp-download\/MoPa2.jpg\" target=\"_blank\" rel=\"noopener\" data-rel=\"lightbox-image-3\" data-rl_title=\"\" data-rl_caption=\"\"><img loading=\"lazy\" decoding=\"async\" class=\"alignnone size-full wp-image-348\" title=\"\" src=\"http:\/\/www.rvdv.net\/2008\/wp-content\/uploads\/2008\/10\/vmopa2.jpg\" alt=\"\" width=\"200\" height=\"150\" \/><br \/>\nMasaki Fujihata <em>Morel\u2019s Panorama<\/em> 2003<\/a><\/p>\n<p><a href=\"http:\/\/www.rvdv.net\/2008\/wp-download\/MoPa3.jpg\" target=\"_blank\" rel=\"noopener\" data-rel=\"lightbox-image-4\" data-rl_title=\"\" data-rl_caption=\"\"><img loading=\"lazy\" decoding=\"async\" class=\"alignnone size-full wp-image-342\" title=\"\" src=\"http:\/\/www.rvdv.net\/2008\/wp-content\/uploads\/2008\/10\/vmopa3.jpg\" alt=\"\" width=\"200\" height=\"150\" \/><br \/>\nMasaki Fujihata <em>Morel\u2019s Panorama<\/em> 2003<\/a><\/p>\n<p><a href=\"http:\/\/www.rvdv.net\/2008\/wp-download\/LHiG_1.jpg\" target=\"_blank\" rel=\"noopener\" data-rel=\"lightbox-image-5\" data-rl_title=\"\" data-rl_caption=\"\"><img loading=\"lazy\" decoding=\"async\" class=\"alignnone size-full wp-image-345\" title=\"\" src=\"http:\/\/www.rvdv.net\/2008\/wp-content\/uploads\/2008\/10\/vlhig_1.jpg\" alt=\"\" width=\"200\" height=\"150\" \/><br \/>\nMasaki Fujihata <em>Landing Home in Geneva<\/em> 2005<\/a><\/p>\n<p><a href=\"http:\/\/www.rvdv.net\/2008\/wp-download\/LHiG_2.jpg\" target=\"_blank\" rel=\"noopener\" data-rel=\"lightbox-image-6\" data-rl_title=\"\" data-rl_caption=\"\"><img loading=\"lazy\" decoding=\"async\" class=\"alignnone size-full wp-image-347\" title=\"\" src=\"http:\/\/www.rvdv.net\/2008\/wp-content\/uploads\/2008\/10\/vlhig_2.jpg\" alt=\"\" width=\"200\" height=\"150\" \/><br \/>\nMasaki Fujihata <em>Landing Home in Geneva<\/em> 2005<\/a><\/p>\n<p><a href=\"http:\/\/www.rvdv.net\/2008\/wp-download\/LHiG_3.jpg\" target=\"_blank\" rel=\"noopener\" data-rel=\"lightbox-image-7\" data-rl_title=\"\" data-rl_caption=\"\"><img loading=\"lazy\" decoding=\"async\" class=\"alignnone size-full wp-image-343\" title=\"\" src=\"http:\/\/www.rvdv.net\/2008\/wp-content\/uploads\/2008\/10\/vlhig_3.jpg\" alt=\"\" width=\"200\" height=\"150\" \/><br \/>\nMasaki Fujihata <em>Landing Home in Geneva<\/em> 2005<\/a><\/p>\n<p>&gt; Liens concernant les intervenants au colloque<br \/>\n&gt; <em>Links to the participants at the colloquium<\/em><\/p>\n<p>Masaki Fujihata <a href=\"http:\/\/www.fujihata.jp\/\">http:\/\/www.fujihata.jp\/<\/a><a href=\"http:\/\/www.arpla.fr\/canal20\/adnm\/?p=279\" target=\"_blank\" rel=\"noopener\"><br \/>\n<\/a><\/p>\n<p>Esther Polak<br \/>\n<a href=\"http:\/\/www.nomadicmilk.net\/\" target=\"_blank\" rel=\"noopener\">http:\/\/www.nomadicmilk.net\/<\/a><\/p>\n<p>Philippe Vasset<br \/>\n<a href=\"http:\/\/www.unsiteblanc.com\/\" target=\"_blank\" rel=\"noopener\">http:\/\/www.unsiteblanc.com\/<\/a><\/p>\n<p>Usman Haque<a href=\"http:\/\/www.haque.co.uk\/\" target=\"_blank\" rel=\"noopener\"><br \/>\nhttp:\/\/www.haque.co.uk\/<\/a><\/p>\n","protected":false},"excerpt":{"rendered":"<p>Contact presse, Press contact : Nathalie Foucher-Battais, Ensad t\u00e9l.: 01 42 34 97 31, fax.: 01 42 34 97 87 foucher-battais[\u00e0]ensad.fr &gt; T\u00e9l\u00e9charger le communiqu\u00e9 de presse &gt; Download the press release &gt; T\u00e9l\u00e9charger le flyer &gt; Download the flyer &gt; Photographies disponibles pour publications (cliquer sur les vignettes pour les t\u00e9l\u00e9charger) &gt; \u2028Available photographs &hellip; <a href=\"http:\/\/www.rvdv.net\/2008\/presse-press\/\" class=\"more-link\">Continuer la lecture de <span class=\"screen-reader-text\">Documents<\/span><\/a><\/p>\n","protected":false},"author":1,"featured_media":0,"parent":0,"menu_order":3,"comment_status":"closed","ping_status":"closed","template":"","meta":{"footnotes":""},"class_list":["post-67","page","type-page","status-publish","hentry"],"_links":{"self":[{"href":"http:\/\/www.rvdv.net\/2008\/wp-json\/wp\/v2\/pages\/67","targetHints":{"allow":["GET"]}}],"collection":[{"href":"http:\/\/www.rvdv.net\/2008\/wp-json\/wp\/v2\/pages"}],"about":[{"href":"http:\/\/www.rvdv.net\/2008\/wp-json\/wp\/v2\/types\/page"}],"author":[{"embeddable":true,"href":"http:\/\/www.rvdv.net\/2008\/wp-json\/wp\/v2\/users\/1"}],"replies":[{"embeddable":true,"href":"http:\/\/www.rvdv.net\/2008\/wp-json\/wp\/v2\/comments?post=67"}],"version-history":[{"count":4,"href":"http:\/\/www.rvdv.net\/2008\/wp-json\/wp\/v2\/pages\/67\/revisions"}],"predecessor-version":[{"id":94,"href":"http:\/\/www.rvdv.net\/2008\/wp-json\/wp\/v2\/pages\/67\/revisions\/94"}],"wp:attachment":[{"href":"http:\/\/www.rvdv.net\/2008\/wp-json\/wp\/v2\/media?parent=67"}],"curies":[{"name":"wp","href":"https:\/\/api.w.org\/{rel}","templated":true}]}}