{"id":14,"date":"2013-03-13T21:22:53","date_gmt":"2013-03-13T20:22:53","guid":{"rendered":"http:\/\/www.rvdv.net\/haikus\/?page_id=14"},"modified":"2024-07-17T12:20:35","modified_gmt":"2024-07-17T10:20:35","slug":"protocole-du-haiku-visuel-pour-ecran-mobile","status":"publish","type":"page","link":"http:\/\/www.rvdv.net\/haikus\/","title":{"rendered":"Protocole du ha\u00efku visuel pour \u00e9cran mobile (2013)"},"content":{"rendered":"<p>Workshop organis\u00e9 par EnsadLab\/EMeRI et le laboratoire EdNM de l&rsquo;Universit\u00e9 Paris 8, 2013<\/p>\n<p>Projet d\u2019une application pour iPhone\/iPod\/iPad (\u00e0 distribuer sur l\u2019AppStore) qui permet de produire, en utilisant l\u2019appareil lui-m\u00eame pour les prises de vues comme pour le montage et la diffusion, un <em>interactive visual haiku<\/em> (le nom retenu est HaikuPicto).<\/p>\n<p>En s\u2019inspirant du ha\u00efku mais sans chercher \u00e0 en restituer l\u2019ensemble des principes propres \u2014 c\u2019est impossible car le r\u00e9gime du texte est fondamentalement diff\u00e9rent de celui de l\u2019image \u2014, on en conserve quelques \u00e9l\u00e9ments formels, du protocole et des contraintes.<\/p>\n<p>Le ha\u00efku visuel est compos\u00e9 de :<br \/>\n&#8211; une s\u00e9quence fixe du titre<br \/>\n&#8211; une s\u00e9quence chronophotographique de 5 images<br \/>\n&#8211; une s\u00e9quence chronophotographique de 7 images<br \/>\n&#8211; une s\u00e9quence chronophotographique de 5 images<\/p>\n<p>Les s\u00e9quences se r\u00e9p\u00e8tent \u00e0 l\u2019infini. Les s\u00e9quences de 5 ou 7 images sont des chronophotographies qui ne sont pas n\u00e9cessairement des boucles \u00ab lisses \u00bb, mais qui peuvent \u00e9ventuellement l\u2019\u00eatre.<\/p>\n<p>On encha\u00eene ces 4 s\u00e9quences par un geste de scroll avec le doigt sur l\u2019\u00e9cran, de droite \u00e0 gauche.<\/p>\n<p>Le titre est utile pour que le lecteur per\u00e7oive bien l\u2019ordre des 3 s\u00e9quences d\u2019images.<\/p>\n<p>Les images sont obligatoirement capt\u00e9es par le iPhone lui-m\u00eame, trait\u00e9es et assembl\u00e9es dans l\u2019application.<\/p>\n<p>L\u2019appareil est tenu \u00e0 la main pendant la prise de vues, son d\u00e9placement \u00e9ventuel contribue \u00e0 l\u2019animation de la s\u00e9quence.<\/p>\n<p>Il n\u2019y a pas de son.<\/p>\n<h2>Principes formels<\/h2>\n<p>On cherche une unit\u00e9 de lieu et de moment.<br \/>\nLe ha\u00efku est une notation mais pas \u00e0 proprement parler un r\u00e9cit : les s\u00e9quences n\u2019indiquent pas une logique chronologique ni des relations de cause \u00e0 effet.<br \/>\nLa premi\u00e8re s\u00e9quence de 5 images pointe une situation, des circonstances.<br \/>\nLa deuxi\u00e8me s\u00e9quence de 7 images compl\u00e8te et nuance cette situation.<br \/>\nLa troisi\u00e8me s\u00e9quence de 5 images d\u00e9crit une sorte d\u2019\u00e9v\u00e9nement ou d\u2019action dans le contexte d\u00e9crit par les deux premi\u00e8res s\u00e9quences.<\/p>\n<p>Les images \u00e9voquent une saison et\/ou une heure de la journ\u00e9e.<\/p>\n<p>Il n\u2019y a pas de limitations quant aux sujets photographi\u00e9s : paysages, nature, objets, machines, personnes, etc.<\/p>\n<p>Le sujet n\u2019est pas n\u00e9cessairement \u00ab po\u00e9tique \u00bb, \u00ab fade \u00bb, \u00ab gentil \u00bb ou \u00ab joli \u00bb.<\/p>\n<p>La r\u00e9alisation (les prises de vues) se fait par une personne seule, sans aide et rapidement.<\/p>\n<p>On peut envoyer et recevoir ces ha\u00efkus format iPhone ou iPod.<br \/>\nOn vise \u00e0 constituer de grandes collections de ha\u00efkus pour iPhone ou iPod disponibles en r\u00e9seau.<br \/>\nOn s\u2019inscrit sur un site pour partager ces ha\u00efkus.<\/p>\n<p>Le titre du ha\u00efku appara\u00eet donc dans une liste de tous les ha\u00efkus que l\u2019on a faits ou que l\u2019on a re\u00e7us.<\/p>\n<h2>Orientations esth\u00e9tiques<\/h2>\n<p>Le ha\u00efku est l\u2019inscription d\u2019un instant.<br \/>\nLe ha\u00efku refuse la m\u00e9taphore.<br \/>\nLe ha\u00efku pratique la pure notation.<br \/>\nLe ha\u00efku se construit par la coexistence, la conjonction, sous le r\u00e9gime du et : il y a \u00e7a, et \u00e7a.<br \/>\nLa photographie partage avec le ha\u00efku la capacit\u00e9 de se faire passer pour \u00ab la chose elle-m\u00eame \u00bb.<\/p>\n<p>Voir aussi les pages de r\u00e9f\u00e9rences (Roland Barthes, etc.)<\/p>\n","protected":false},"excerpt":{"rendered":"<p>Workshop organis\u00e9 par EnsadLab\/EMeRI et le laboratoire EdNM de l&rsquo;Universit\u00e9 Paris 8, 2013 Projet d\u2019une application pour iPhone\/iPod\/iPad (\u00e0 distribuer sur l\u2019AppStore) qui permet de produire, en utilisant l\u2019appareil lui-m\u00eame pour les prises de vues comme pour le montage et la diffusion, un interactive visual haiku (le nom retenu est HaikuPicto). En s\u2019inspirant du ha\u00efku &hellip; <a href=\"http:\/\/www.rvdv.net\/haikus\/\" class=\"more-link\">Continuer la lecture de <span class=\"screen-reader-text\">Protocole du ha\u00efku visuel pour \u00e9cran mobile (2013)<\/span><\/a><\/p>\n","protected":false},"author":5,"featured_media":0,"parent":0,"menu_order":1,"comment_status":"open","ping_status":"open","template":"","meta":{"footnotes":""},"class_list":["post-14","page","type-page","status-publish","hentry"],"_links":{"self":[{"href":"http:\/\/www.rvdv.net\/haikus\/wp-json\/wp\/v2\/pages\/14","targetHints":{"allow":["GET"]}}],"collection":[{"href":"http:\/\/www.rvdv.net\/haikus\/wp-json\/wp\/v2\/pages"}],"about":[{"href":"http:\/\/www.rvdv.net\/haikus\/wp-json\/wp\/v2\/types\/page"}],"author":[{"embeddable":true,"href":"http:\/\/www.rvdv.net\/haikus\/wp-json\/wp\/v2\/users\/5"}],"replies":[{"embeddable":true,"href":"http:\/\/www.rvdv.net\/haikus\/wp-json\/wp\/v2\/comments?post=14"}],"version-history":[{"count":1,"href":"http:\/\/www.rvdv.net\/haikus\/wp-json\/wp\/v2\/pages\/14\/revisions"}],"predecessor-version":[{"id":289,"href":"http:\/\/www.rvdv.net\/haikus\/wp-json\/wp\/v2\/pages\/14\/revisions\/289"}],"wp:attachment":[{"href":"http:\/\/www.rvdv.net\/haikus\/wp-json\/wp\/v2\/media?parent=14"}],"curies":[{"name":"wp","href":"https:\/\/api.w.org\/{rel}","templated":true}]}}