{"id":53,"date":"2013-03-13T22:09:02","date_gmt":"2013-03-13T21:09:02","guid":{"rendered":"http:\/\/www.rvdv.net\/haikus\/?page_id=53"},"modified":"2013-03-13T22:09:02","modified_gmt":"2013-03-13T21:09:02","slug":"53-2","status":"publish","type":"page","link":"http:\/\/www.rvdv.net\/haikus\/53-2\/","title":{"rendered":"Exemple en vid\u00e9o"},"content":{"rendered":"<p>T\u00e9l\u00e9charger la vid\u00e9o en cliquant sur le lien ci-dessous :<br \/>\n<a href=\"http:\/\/www.rvdv.net\/haikus\/wp-content\/uploads\/sites\/4\/2013\/03\/HaikuPictoSample-1.mov\">HaikuPictoSample<\/a><br \/>\nExemple r\u00e9alis\u00e9 le 12 mars 2013<\/p>\n","protected":false},"excerpt":{"rendered":"<p>T\u00e9l\u00e9charger la vid\u00e9o en cliquant sur le lien ci-dessous : HaikuPictoSample Exemple r\u00e9alis\u00e9 le 12 mars 2013<\/p>\n","protected":false},"author":5,"featured_media":0,"parent":0,"menu_order":6,"comment_status":"open","ping_status":"open","template":"","meta":{"footnotes":""},"class_list":["post-53","page","type-page","status-publish","hentry"],"_links":{"self":[{"href":"http:\/\/www.rvdv.net\/haikus\/wp-json\/wp\/v2\/pages\/53","targetHints":{"allow":["GET"]}}],"collection":[{"href":"http:\/\/www.rvdv.net\/haikus\/wp-json\/wp\/v2\/pages"}],"about":[{"href":"http:\/\/www.rvdv.net\/haikus\/wp-json\/wp\/v2\/types\/page"}],"author":[{"embeddable":true,"href":"http:\/\/www.rvdv.net\/haikus\/wp-json\/wp\/v2\/users\/5"}],"replies":[{"embeddable":true,"href":"http:\/\/www.rvdv.net\/haikus\/wp-json\/wp\/v2\/comments?post=53"}],"version-history":[{"count":0,"href":"http:\/\/www.rvdv.net\/haikus\/wp-json\/wp\/v2\/pages\/53\/revisions"}],"wp:attachment":[{"href":"http:\/\/www.rvdv.net\/haikus\/wp-json\/wp\/v2\/media?parent=53"}],"curies":[{"name":"wp","href":"https:\/\/api.w.org\/{rel}","templated":true}]}}