{"id":117,"date":"2026-03-30T18:15:06","date_gmt":"2026-03-30T16:15:06","guid":{"rendered":"https:\/\/www.rvdv.net\/leurslumieres\/?page_id=117"},"modified":"2026-03-30T18:15:06","modified_gmt":"2026-03-30T16:15:06","slug":"11-mayumi-okura","status":"publish","type":"page","link":"https:\/\/www.rvdv.net\/leurslumieres\/page-d-exemple\/11-mayumi-okura\/","title":{"rendered":"11. Mayumi Okura"},"content":{"rendered":"<p><em>La Petite Fille aux allumettes<br \/>\n<\/em>Installation interactive, 2007-2012<br \/>\nNouvelle version pour \u00ab\u00a0leurs lumi\u00e8res \u00bb<br \/>\nOrdinateur, vid\u00e9o-projecteur, cam\u00e9ra infrarouge, bo\u00eete d\u2019allumettes<br \/>\nProgrammation\u00a0: Dominique Cunin<br \/>\nProduction\u00a0: autoproduction<\/p>\n<p><img loading=\"lazy\" decoding=\"async\" class=\"alignnone size-full wp-image-119\" src=\"https:\/\/www.rvdv.net\/leurslumieres\/wp-content\/uploads\/sites\/9\/2026\/03\/3-PETITE-FILLE.jpg\" alt=\"\" width=\"640\" height=\"910\" srcset=\"https:\/\/www.rvdv.net\/leurslumieres\/wp-content\/uploads\/sites\/9\/2026\/03\/3-PETITE-FILLE.jpg 640w, https:\/\/www.rvdv.net\/leurslumieres\/wp-content\/uploads\/sites\/9\/2026\/03\/3-PETITE-FILLE-211x300.jpg 211w\" sizes=\"auto, (max-width: 640px) 100vw, 640px\" \/><\/p>\n<p>Argument :<br \/>\nEn craquant une allumette, le spectateur d\u00e9clenche devant lui la projection de l\u2019image de cette allumette qui br\u00fble o\u00f9 il voit se former un court texte dans la lumi\u00e8re. D\u2019allumette en allumette, il se rend compte qu\u2019il est en train de lire paragraphe par paragraphe le conte d\u2019Andersen, <em>La Petite Fille aux allumettes<\/em>. Afin de r\u00e9v\u00e9ler le texte et de pouvoir le lire, le spectateur n\u2019a pas d\u2019autre solution que de d\u00e9penser des allumettes. L\u2019histoire qu\u2019il d\u00e9couvre est celle d\u2019une petite fille qui cherche \u00e0 vendre des allumettes pour sa propre survie et finit par mourir de froid apr\u00e8s avoir eu une s\u00e9rie d\u2019hallucinations en regardant les flammes. En d\u2019autres termes, le spectateur se trouve dans une situation similaire \u00e0 celle de la protagoniste de l\u2019histoire qu\u2019il d\u00e9couvre. C\u2019est m\u00eame une condition sans laquelle il ne peut pas lire la suite de l\u2019histoire. Il y a une corr\u00e9lation entre son action et le contenu du r\u00e9cit.<br \/>\n<em><br \/>\nPremise:<br \/>\nBy striking a match, the spectator sets off the projection of the image of this match that burns, and they gradually perceive a short text which takes shape before their eyes in its light. Going from match to match, paragraph by paragraph, they realize that they are reading Hans Christian Andersen\u2019s tale, <\/em>The Little Match Girl<em>. In order to reveal the text and to be able to continue to read it, the spectator has no choice but to use up more matches. The story that they discover gradually is that of a little girl who must sell matches in order to survive. She gradually dies of the cold after having experienced several hallucinations as she looks into the flames of her last matches. In other words, the spectator is in a parallel situation with that of the protagonist of the story they reveal. It is even a condition necessary to continue the tale. There is a direct correlation between their action and the content of the story.<\/em><\/p>\n<p>Mayumi Okura<br \/>\nN\u00e9e en 1977 \u00e0 Aichi, Japon, elle vit et travaille \u00e0 Paris. Apr\u00e8s des \u00e9tudes \u00e0 l\u2019Universit\u00e9 d\u2019art Tama \u00e0 Tokyo, elle est s\u00e9lectionn\u00e9e pour participer au \u00abProgramme d\u2019\u00e9tudes \u00e0 l\u2019\u00e9tranger pour artistes\u00bb du minist\u00e8re de la culture japonais en s\u00e9journant \u00e0 l\u2019\u00c9cole nationale sup\u00e9rieure d\u2019Arts de Nancy dont elle est dipl\u00f4m\u00e9e en 2007. Elle participe ensuite au programme \u00abFormes de la mobilit\u00e9\u00bb d\u2019EnsadLab, laboratoire de recherche de l\u2019\u00c9cole nationale sup\u00e9rieure des Arts D\u00e9coratifs (2007-2010). Chercheuse associ\u00e9e au programme \u00ab\u00c9crans mobiles et r\u00e9cit interactif\u00bb d\u2019EnsadLab, elle est \u00e9galement doctorante en \u00abEsth\u00e9tique des nouveaux m\u00e9dias \u00bb \u00e0 l\u2019Universit\u00e9 Paris 8. Ses travaux ont \u00e9t\u00e9 expos\u00e9s en France, au Japon, en Suisse, en Cor\u00e9e, \u00e0 Luxembourg et s\u2019inscrivent dans des programmes de recherche tels que Terra Numerica (Citu\/Cap Digital, Paris, 2010) et Lift10 (Lift et Head-Gen\u00e8ve, 2010). Ses r\u00e9centes activit\u00e9s incluent des expositions (Mudac\/Mus\u00e9e de la main, Lausanne) et la direction de workshop \u00e0 ISEA 2011, Istanbul, et \u00e0 la National Taipei University of the Arts.<\/p>\n","protected":false},"excerpt":{"rendered":"<p>La Petite Fille aux allumettes Installation interactive, 2007-2012 Nouvelle version pour \u00ab\u00a0leurs lumi\u00e8res \u00bb Ordinateur, vid\u00e9o-projecteur, cam\u00e9ra infrarouge, bo\u00eete d\u2019allumettes Programmation\u00a0: Dominique Cunin Production\u00a0: autoproduction Argument : En craquant une allumette, le spectateur d\u00e9clenche devant lui la projection de l\u2019image de cette allumette qui br\u00fble o\u00f9 il voit se former un court texte dans la &hellip; <a href=\"https:\/\/www.rvdv.net\/leurslumieres\/page-d-exemple\/11-mayumi-okura\/\" class=\"more-link\">Continuer la lecture de <span class=\"screen-reader-text\">11. Mayumi Okura<\/span><\/a><\/p>\n","protected":false},"author":2,"featured_media":0,"parent":2,"menu_order":0,"comment_status":"closed","ping_status":"closed","template":"","meta":{"footnotes":""},"class_list":["post-117","page","type-page","status-publish","hentry"],"_links":{"self":[{"href":"https:\/\/www.rvdv.net\/leurslumieres\/wp-json\/wp\/v2\/pages\/117","targetHints":{"allow":["GET"]}}],"collection":[{"href":"https:\/\/www.rvdv.net\/leurslumieres\/wp-json\/wp\/v2\/pages"}],"about":[{"href":"https:\/\/www.rvdv.net\/leurslumieres\/wp-json\/wp\/v2\/types\/page"}],"author":[{"embeddable":true,"href":"https:\/\/www.rvdv.net\/leurslumieres\/wp-json\/wp\/v2\/users\/2"}],"replies":[{"embeddable":true,"href":"https:\/\/www.rvdv.net\/leurslumieres\/wp-json\/wp\/v2\/comments?post=117"}],"version-history":[{"count":3,"href":"https:\/\/www.rvdv.net\/leurslumieres\/wp-json\/wp\/v2\/pages\/117\/revisions"}],"predecessor-version":[{"id":121,"href":"https:\/\/www.rvdv.net\/leurslumieres\/wp-json\/wp\/v2\/pages\/117\/revisions\/121"}],"up":[{"embeddable":true,"href":"https:\/\/www.rvdv.net\/leurslumieres\/wp-json\/wp\/v2\/pages\/2"}],"wp:attachment":[{"href":"https:\/\/www.rvdv.net\/leurslumieres\/wp-json\/wp\/v2\/media?parent=117"}],"curies":[{"name":"wp","href":"https:\/\/api.w.org\/{rel}","templated":true}]}}