{"id":122,"date":"2026-03-30T18:25:57","date_gmt":"2026-03-30T16:25:57","guid":{"rendered":"https:\/\/www.rvdv.net\/leurslumieres\/?page_id=122"},"modified":"2026-03-30T18:25:57","modified_gmt":"2026-03-30T16:25:57","slug":"12-michael-sellam","status":"publish","type":"page","link":"https:\/\/www.rvdv.net\/leurslumieres\/page-d-exemple\/12-michael-sellam\/","title":{"rendered":"12. Micha\u00ebl Sellam"},"content":{"rendered":"<p><em>Blind Test<\/em><br \/>\nSculpture, 2009<br \/>\nMur, trou, laser rouge, 2 x 2 cm<br \/>\nProduction\u00a0: autoproduction<\/p>\n<p><img loading=\"lazy\" decoding=\"async\" class=\"alignnone size-full wp-image-123\" src=\"https:\/\/www.rvdv.net\/leurslumieres\/wp-content\/uploads\/sites\/9\/2026\/03\/8-BLIND-TEST.jpg\" alt=\"\" width=\"640\" height=\"909\" srcset=\"https:\/\/www.rvdv.net\/leurslumieres\/wp-content\/uploads\/sites\/9\/2026\/03\/8-BLIND-TEST.jpg 640w, https:\/\/www.rvdv.net\/leurslumieres\/wp-content\/uploads\/sites\/9\/2026\/03\/8-BLIND-TEST-211x300.jpg 211w\" sizes=\"auto, (max-width: 640px) 100vw, 640px\" \/><\/p>\n<p>Argument :<br \/>\nUne sculpture d\u2019un centim\u00e8tre et demi de largeur est discr\u00e8tement encastr\u00e9e dans un mur, \u00e0 hauteur du regard.\u00a0Le faisceau d\u2019un laser rouge est dissimul\u00e9 derri\u00e8re un judas. L\u2019intervention est minimale mais elle remplit toutefois l\u2019espace dans une dimension qui peut para\u00eetre agressive et comique. Face \u00e0 cette mise en sc\u00e8ne, soup\u00e7onnant un danger, car leur \u0153il pourrait en devenir la cible, les spectateurs adoptent diff\u00e9rents comportements, parfois surprenants. L\u2019objet\u00a0pervers peut r\u00e9v\u00e9ler et amplifier une nature craintive ou complice.<\/p>\n<p>Premise : \u2028A sculpture one and a half centimetres wide is discretely embedded within a wall, at eye level. The beam of a red laser is hidden behind a spyhole. Its presence in space is minimal but nevertheless its intervention fills space in a dimension which could be perceived as aggressive yet comical. Faced with this mise en sc\u00e8ne, suspecting some danger, since their eye could become a target, observers react with a variety of behaviours, sometimes surprising. The perversity of the object can reveal or accentuate fearful or conniving traits within us.<\/p>\n<p>Michael Sellam<br \/>\nN\u00e9 en 1975 \u00e0 Paris, il vit et travaille \u00e0 Paris. Apr\u00e8s des \u00e9tudes d\u2019arts \u00e0 l\u2019Universit\u00e9 Paris 1 et \u00e0 l\u2019Universit\u00e9 Paris 8, il participe, en 2001, \u00e0 l\u2019Atelier de recherches interactives de l\u2019\u00c9cole nationale sup\u00e9rieure des Arts D\u00e9coratifs. Il participe en 2003 au Coll\u00e8ge invisible, post-dipl\u00f4me des Beaux-Arts de Marseille. Il est dipl\u00f4m\u00e9 en 2005 du Fresnoy \u2013 Studio national des arts contemporains. Son travail multiplie les r\u00e9f\u00e9rences au monde des loisirs populaires avec un int\u00e9r\u00eat particulier pour les pratiques amateurs et les formes de sous-culture et de contre-culture. Appartenant \u00e0 une g\u00e9n\u00e9ration qui a int\u00e9gr\u00e9 l\u2019utilisation de l\u2019informatique et des nouvelles technologies, il s\u2019appuie sur ces instruments techniques en les mixant aux pratiques populaires pour produire des rencontres monstrueuses et distordues. En 2009 et 2010, il est artiste invit\u00e9 en r\u00e9sidence \u00e0 l\u2019\u00c9cole r\u00e9gionale des Beaux-Arts de Nantes. En 2012, il est r\u00e9sident \u00e0 La Box, \u00c9cole nationale sup\u00e9rieure d\u2019Art de Bourges. Il participe \u00e0 de nombreuses expositions personnelles et collectives en France et \u00e0 l\u2019\u00e9tranger.<\/p>\n<p><a href=\"http:\/\/michael.sellam.free.fr\/\" target=\"_blank\" rel=\"noopener\">http:\/\/michael.sellam.free.fr<\/a><\/p>\n","protected":false},"excerpt":{"rendered":"<p>Blind Test Sculpture, 2009 Mur, trou, laser rouge, 2 x 2 cm Production\u00a0: autoproduction Argument : Une sculpture d\u2019un centim\u00e8tre et demi de largeur est discr\u00e8tement encastr\u00e9e dans un mur, \u00e0 hauteur du regard.\u00a0Le faisceau d\u2019un laser rouge est dissimul\u00e9 derri\u00e8re un judas. L\u2019intervention est minimale mais elle remplit toutefois l\u2019espace dans une dimension qui &hellip; <a href=\"https:\/\/www.rvdv.net\/leurslumieres\/page-d-exemple\/12-michael-sellam\/\" class=\"more-link\">Continuer la lecture de <span class=\"screen-reader-text\">12. Micha\u00ebl Sellam<\/span><\/a><\/p>\n","protected":false},"author":2,"featured_media":0,"parent":2,"menu_order":0,"comment_status":"closed","ping_status":"closed","template":"","meta":{"footnotes":""},"class_list":["post-122","page","type-page","status-publish","hentry"],"_links":{"self":[{"href":"https:\/\/www.rvdv.net\/leurslumieres\/wp-json\/wp\/v2\/pages\/122","targetHints":{"allow":["GET"]}}],"collection":[{"href":"https:\/\/www.rvdv.net\/leurslumieres\/wp-json\/wp\/v2\/pages"}],"about":[{"href":"https:\/\/www.rvdv.net\/leurslumieres\/wp-json\/wp\/v2\/types\/page"}],"author":[{"embeddable":true,"href":"https:\/\/www.rvdv.net\/leurslumieres\/wp-json\/wp\/v2\/users\/2"}],"replies":[{"embeddable":true,"href":"https:\/\/www.rvdv.net\/leurslumieres\/wp-json\/wp\/v2\/comments?post=122"}],"version-history":[{"count":2,"href":"https:\/\/www.rvdv.net\/leurslumieres\/wp-json\/wp\/v2\/pages\/122\/revisions"}],"predecessor-version":[{"id":125,"href":"https:\/\/www.rvdv.net\/leurslumieres\/wp-json\/wp\/v2\/pages\/122\/revisions\/125"}],"up":[{"embeddable":true,"href":"https:\/\/www.rvdv.net\/leurslumieres\/wp-json\/wp\/v2\/pages\/2"}],"wp:attachment":[{"href":"https:\/\/www.rvdv.net\/leurslumieres\/wp-json\/wp\/v2\/media?parent=122"}],"curies":[{"name":"wp","href":"https:\/\/api.w.org\/{rel}","templated":true}]}}