{"id":132,"date":"2026-03-30T18:29:59","date_gmt":"2026-03-30T16:29:59","guid":{"rendered":"https:\/\/www.rvdv.net\/leurslumieres\/?page_id=132"},"modified":"2026-03-30T18:29:59","modified_gmt":"2026-03-30T16:29:59","slug":"14-emeri","status":"publish","type":"page","link":"https:\/\/www.rvdv.net\/leurslumieres\/page-d-exemple\/14-emeri\/","title":{"rendered":"14. EMeRI"},"content":{"rendered":"<p><em>Lumi\u00e8res de Rousseau<\/em><br \/>\nDispositif relationnel, 2012<br \/>\nDeux tablettes num\u00e9riques, application sp\u00e9cifique, routeurs<br \/>\nConception : Jean-Louis Boissier<br \/>\n\u00c9dition : Liliane Terrier<br \/>\nProgrammation : Dominique Cunin<br \/>\nProduction\u00a0: Laboratoire Esth\u00e9tique des nouveaux m\u00e9dias, Universit\u00e9 Paris 8; programme \u00c9crans mobiles et r\u00e9cit interactif (EMeRI) d\u2019EnsadLab, laboratoire de recherche de l\u2019\u00c9cole nationale\u00a0sup\u00e9rieure des Arts D\u00e9coratifs; Universit\u00e9 Saga de Kyoto; Haute \u00e9cole d\u2019art et de design \u2013 Gen\u00e8ve; avec le concours de l\u2019association Transports<\/p>\n<p><img loading=\"lazy\" decoding=\"async\" class=\"alignnone size-full wp-image-133\" src=\"https:\/\/www.rvdv.net\/leurslumieres\/wp-content\/uploads\/sites\/9\/2026\/03\/emeri-miki-emile-blog.jpg\" alt=\"\" width=\"1600\" height=\"1200\" srcset=\"https:\/\/www.rvdv.net\/leurslumieres\/wp-content\/uploads\/sites\/9\/2026\/03\/emeri-miki-emile-blog.jpg 1600w, https:\/\/www.rvdv.net\/leurslumieres\/wp-content\/uploads\/sites\/9\/2026\/03\/emeri-miki-emile-blog-300x225.jpg 300w, https:\/\/www.rvdv.net\/leurslumieres\/wp-content\/uploads\/sites\/9\/2026\/03\/emeri-miki-emile-blog-1024x768.jpg 1024w, https:\/\/www.rvdv.net\/leurslumieres\/wp-content\/uploads\/sites\/9\/2026\/03\/emeri-miki-emile-blog-768x576.jpg 768w, https:\/\/www.rvdv.net\/leurslumieres\/wp-content\/uploads\/sites\/9\/2026\/03\/emeri-miki-emile-blog-1536x1152.jpg 1536w\" sizes=\"auto, (max-width: 1600px) 100vw, 1600px\" \/><\/p>\n<p>Argument :<br \/>\n68 citations extraites de tous les ouvrages de Jean-Jacques Rousseau, des textes philosophiques et politiques, des textes autobiographiques et romanesques, sont centr\u00e9es sur des mots qui ont trait \u00e0 la lumi\u00e8re \u2014 illumination et t\u00e9n\u00e8bres, clart\u00e9 et ombre, etc. Leur lecture sur une tablette num\u00e9rique \u00e9claire litt\u00e9ralement le spectateur. Il se voit en effet proposer une tablette o\u00f9 vont s\u2019afficher ces phrases de Rousseau, qui se succ\u00e8deront \u00e0 condition qu\u2019il porte le livre num\u00e9rique \u00e0 la hauteur de son regard, qu\u2019il lise \u00e0 haute voix, qu\u2019il marche dans les salles de l\u2019exposition. Comme la lueur de sa page-\u00e9cran \u00e9claire son visage, on en profite pour capter et transmettre son image de telle sorte qu\u2019\u00e0 l\u2019entr\u00e9e de l\u2019exposition, sur une tablette identique mais fixe, on voit et on entend ce performeur improvis\u00e9. Ce m\u00eame dispositif a \u00e9t\u00e9 pr\u00e9c\u00e9demment exp\u00e9riment\u00e9 dans le temple bouddhiste Daikakuji \u00e0 Kyoto en juillet 2011 et dans le quartier Saint-Jean de Gen\u00e8ve, o\u00f9 les rues sont nomm\u00e9es en hommage \u00e0 Rousseau, avec des \u00e9l\u00e8ves du coll\u00e8ge Rousseau de Gen\u00e8ve en mai 2012.<\/p>\n<p><em>Premise:<\/em><br \/>\n<em>68 quotes centred around the vocabulary of light and darkness have been excerpted from the combined works of Jean-Jacques Rousseau\u00a0\u2013\u00a0political and philosophical texts, as well as novels. The act of reading them on the computer tablet literally lights up the reader. Visitors are offered a tablet upon which Rousseau\u2019s quotes appear as the reader raises the tablet to eye level and reads them aloud while wandering through the exhibit. As the light of the screen illuminates the readers\u2019 faces, their images are captured and, at the entrance to the exhibit, one can see these improvisational performers as they appear on a fixed tablet. This same device was put in place in the Buddhist temple of Daikakuji in Kyoto on July 2011, as well as in May 2012 in the Saint Jean quarter in Geneva, where the streets have been named in tribute to Rousseau, with the students of the Rousseau school participating.<\/em><\/p>\n<p>Les 68 citations sont consultables ici : <a href=\"http:\/\/circonstances.net\/LdR\/\" target=\"_blank\" rel=\"noopener\">http:\/\/circonstances.net\/LdR\/<\/a>, site d\u00e9di\u00e9 aux projets Rousseau de l\u2019Association Transports.<\/p>\n","protected":false},"excerpt":{"rendered":"<p>Lumi\u00e8res de Rousseau Dispositif relationnel, 2012 Deux tablettes num\u00e9riques, application sp\u00e9cifique, routeurs Conception : Jean-Louis Boissier \u00c9dition : Liliane Terrier Programmation : Dominique Cunin Production\u00a0: Laboratoire Esth\u00e9tique des nouveaux m\u00e9dias, Universit\u00e9 Paris 8; programme \u00c9crans mobiles et r\u00e9cit interactif (EMeRI) d\u2019EnsadLab, laboratoire de recherche de l\u2019\u00c9cole nationale\u00a0sup\u00e9rieure des Arts D\u00e9coratifs; Universit\u00e9 Saga de Kyoto; Haute &hellip; <a href=\"https:\/\/www.rvdv.net\/leurslumieres\/page-d-exemple\/14-emeri\/\" class=\"more-link\">Continuer la lecture de <span class=\"screen-reader-text\">14. EMeRI<\/span><\/a><\/p>\n","protected":false},"author":2,"featured_media":0,"parent":2,"menu_order":0,"comment_status":"closed","ping_status":"closed","template":"","meta":{"footnotes":""},"class_list":["post-132","page","type-page","status-publish","hentry"],"_links":{"self":[{"href":"https:\/\/www.rvdv.net\/leurslumieres\/wp-json\/wp\/v2\/pages\/132","targetHints":{"allow":["GET"]}}],"collection":[{"href":"https:\/\/www.rvdv.net\/leurslumieres\/wp-json\/wp\/v2\/pages"}],"about":[{"href":"https:\/\/www.rvdv.net\/leurslumieres\/wp-json\/wp\/v2\/types\/page"}],"author":[{"embeddable":true,"href":"https:\/\/www.rvdv.net\/leurslumieres\/wp-json\/wp\/v2\/users\/2"}],"replies":[{"embeddable":true,"href":"https:\/\/www.rvdv.net\/leurslumieres\/wp-json\/wp\/v2\/comments?post=132"}],"version-history":[{"count":1,"href":"https:\/\/www.rvdv.net\/leurslumieres\/wp-json\/wp\/v2\/pages\/132\/revisions"}],"predecessor-version":[{"id":134,"href":"https:\/\/www.rvdv.net\/leurslumieres\/wp-json\/wp\/v2\/pages\/132\/revisions\/134"}],"up":[{"embeddable":true,"href":"https:\/\/www.rvdv.net\/leurslumieres\/wp-json\/wp\/v2\/pages\/2"}],"wp:attachment":[{"href":"https:\/\/www.rvdv.net\/leurslumieres\/wp-json\/wp\/v2\/media?parent=132"}],"curies":[{"name":"wp","href":"https:\/\/api.w.org\/{rel}","templated":true}]}}