{"id":2,"date":"2026-01-26T22:47:34","date_gmt":"2026-01-26T21:47:34","guid":{"rendered":"https:\/\/www.rvdv.net\/leurslumieres\/?page_id=2"},"modified":"2026-04-02T17:20:38","modified_gmt":"2026-04-02T15:20:38","slug":"page-d-exemple","status":"publish","type":"page","link":"https:\/\/www.rvdv.net\/leurslumieres\/page-d-exemple\/","title":{"rendered":"\u00ab leurs lumi\u00e8res \u00bb en 32 pages"},"content":{"rendered":"\r\n<p>Le menu ci-dessous propose 32 pages qui donnent une description de l&rsquo;exposition, ainsi que des analyses et des r\u00e9f\u00e9rences ayant trait \u00e0 la lumi\u00e8re dans les arts.<\/p>\r\n<div class=\"entry\">\r\n<p>&nbsp;<\/p>\r\n<\/div>\r\n","protected":false},"excerpt":{"rendered":"<p>Le menu ci-dessous propose 32 pages qui donnent une description de l&rsquo;exposition, ainsi que des analyses et des r\u00e9f\u00e9rences ayant trait \u00e0 la lumi\u00e8re dans les arts. &nbsp;<\/p>\n","protected":false},"author":4,"featured_media":0,"parent":0,"menu_order":1,"comment_status":"closed","ping_status":"open","template":"","meta":{"footnotes":""},"class_list":["post-2","page","type-page","status-publish","hentry"],"_links":{"self":[{"href":"https:\/\/www.rvdv.net\/leurslumieres\/wp-json\/wp\/v2\/pages\/2","targetHints":{"allow":["GET"]}}],"collection":[{"href":"https:\/\/www.rvdv.net\/leurslumieres\/wp-json\/wp\/v2\/pages"}],"about":[{"href":"https:\/\/www.rvdv.net\/leurslumieres\/wp-json\/wp\/v2\/types\/page"}],"author":[{"embeddable":true,"href":"https:\/\/www.rvdv.net\/leurslumieres\/wp-json\/wp\/v2\/users\/4"}],"replies":[{"embeddable":true,"href":"https:\/\/www.rvdv.net\/leurslumieres\/wp-json\/wp\/v2\/comments?post=2"}],"version-history":[{"count":10,"href":"https:\/\/www.rvdv.net\/leurslumieres\/wp-json\/wp\/v2\/pages\/2\/revisions"}],"predecessor-version":[{"id":496,"href":"https:\/\/www.rvdv.net\/leurslumieres\/wp-json\/wp\/v2\/pages\/2\/revisions\/496"}],"wp:attachment":[{"href":"https:\/\/www.rvdv.net\/leurslumieres\/wp-json\/wp\/v2\/media?parent=2"}],"curies":[{"name":"wp","href":"https:\/\/api.w.org\/{rel}","templated":true}]}}