{"id":474,"date":"2026-04-01T15:00:19","date_gmt":"2026-04-01T13:00:19","guid":{"rendered":"https:\/\/www.rvdv.net\/leurslumieres\/?page_id=474"},"modified":"2026-04-01T15:03:41","modified_gmt":"2026-04-01T13:03:41","slug":"29-dan-graham-pavillons","status":"publish","type":"page","link":"https:\/\/www.rvdv.net\/leurslumieres\/page-d-exemple\/29-dan-graham-pavillons\/","title":{"rendered":"29. Dan Graham. Pavillons"},"content":{"rendered":"<p><iframe loading=\"lazy\" title=\"DanGraham Pavilions\" src=\"https:\/\/player.vimeo.com\/video\/51525835?dnt=1&amp;app_id=122963\" width=\"480\" height=\"360\" frameborder=\"0\" allow=\"autoplay; fullscreen; picture-in-picture; clipboard-write; encrypted-media; web-share\" referrerpolicy=\"strict-origin-when-cross-origin\"><\/iframe><\/p>\n<p>Dan Graham, <em>Fun House<\/em> for Skulptur Projekte, M\u00fcnster, 1997 et <em>New Design for Showing Videos<\/em>, 1995, Documenta 1997. vid\u00e9o \u00a9transports<\/p>\n<p>DG: Nicolas Logsdail, mon galeriste, m\u2019a sugg\u00e9r\u00e9 de faire des mod\u00e8les de mes pavillons qui pourraient fonctionner comme des sculptures commercialisables. Je l\u2019ai fait, mais en r\u00e9alit\u00e9 mon \u0153uvre n\u2019est pas exactement de la sculpture, les mod\u00e8les ne sont pas aptes \u00e0 reproduire la situation de mon \u0153uvre. Mon travail est tr\u00e8s sp\u00e9cifique au site \u2014il s\u2019agit des conditions d\u2019\u00e9clairement. La galerie d\u2019art ne peut pas restituer la lumi\u00e8re ext\u00e9rieure. Alors pour modifier cette impression, j\u2019ai consacr\u00e9 beaucoup d\u2019efforts \u00e0 r\u00e9aliser et \u00e0 \u00e9diter des bandes-vid\u00e9os, qui sont la seule mani\u00e8re de filmer l\u2019\u0153uvre en situation r\u00e9elle. <a href=\"http:\/\/www.frieze.com\/issue\/article\/social-spaces\/\" target=\"_blank\" rel=\"noopener\">\u00abSocial spaces\u00bb<\/a>, <em>Frieze<\/em>n\u00b0147, mai 2012<\/p>\n<p>DG: La pi\u00e8ce intitul\u00e9e <em>Three Linked Cubes<\/em> (1986) qui est constitu\u00e9e d\u2019une s\u00e9rie de baies rectangulaires, avec un c\u00f4t\u00e9 ouvert et des panneaux lat\u00e9raux recouverts alternativement de miroir sans tain et de verre transparent, a une double identit\u00e9. Plac\u00e9e en ext\u00e9rieur, elle prend la forme d\u2019un pavillon ouvert, illumin\u00e9 par le soleil; plac\u00e9e \u00e0 l\u2019int\u00e9rieur, elle se transforme en<em> Interior Design for Space Showing Videos<\/em>. L\u00e0, plusieurs \u00e9crans vid\u00e9o et plusieurs haut-parleurs sont install\u00e9s pour permettre de diffuser trois programmes diff\u00e9rents au public divis\u00e9 en six groupes. Les effet d\u2019\u00e9clairage changeant \u00e0 partir des images vid\u00e9o r\u00e9fl\u00e9chies sur les panneaux de verre, engendrent des \u00abdoubles\u00bb en miroir des membres du public, visibles dans les autres baies int\u00e9rieures, \u00e0 travers la s\u00e9paration. L\u2019\u0153uvre est \u00e0 la fois un design d\u2019exposition et une \u0153uvre d\u2019art optique qui montre des images vid\u00e9o ainsi que la r\u00e9action des spectateurs qui visionnent la vid\u00e9o dans l\u2019espace social de la situation d\u2019exposition vid\u00e9o. Dan Graham, <em>Ma position, \u00c9crits sur mes \u0153uvres<\/em>, Presses du r\u00e9el 1992, p. 173. [La pi\u00e8ce montr\u00e9e \u00e0 la <em>Documenta<\/em> de Kassel en 1997, est une reconfiguration d\u2019<em>Interior Design for Space Showing Videos<\/em> sous le titre <em>New Design for Showing Videos<\/em>. Les vid\u00e9os projet\u00e9es \u00e9taient <em>Histoires du cin\u00e9ma<\/em> de Godard.]<\/p>\n","protected":false},"excerpt":{"rendered":"<p>Dan Graham, Fun House for Skulptur Projekte, M\u00fcnster, 1997 et New Design for Showing Videos, 1995, Documenta 1997. vid\u00e9o \u00a9transports DG: Nicolas Logsdail, mon galeriste, m\u2019a sugg\u00e9r\u00e9 de faire des mod\u00e8les de mes pavillons qui pourraient fonctionner comme des sculptures commercialisables. Je l\u2019ai fait, mais en r\u00e9alit\u00e9 mon \u0153uvre n\u2019est pas exactement de la sculpture, &hellip; <a href=\"https:\/\/www.rvdv.net\/leurslumieres\/page-d-exemple\/29-dan-graham-pavillons\/\" class=\"more-link\">Continuer la lecture de <span class=\"screen-reader-text\">29. Dan Graham. Pavillons<\/span><\/a><\/p>\n","protected":false},"author":2,"featured_media":0,"parent":2,"menu_order":0,"comment_status":"closed","ping_status":"closed","template":"","meta":{"footnotes":""},"class_list":["post-474","page","type-page","status-publish","hentry"],"_links":{"self":[{"href":"https:\/\/www.rvdv.net\/leurslumieres\/wp-json\/wp\/v2\/pages\/474","targetHints":{"allow":["GET"]}}],"collection":[{"href":"https:\/\/www.rvdv.net\/leurslumieres\/wp-json\/wp\/v2\/pages"}],"about":[{"href":"https:\/\/www.rvdv.net\/leurslumieres\/wp-json\/wp\/v2\/types\/page"}],"author":[{"embeddable":true,"href":"https:\/\/www.rvdv.net\/leurslumieres\/wp-json\/wp\/v2\/users\/2"}],"replies":[{"embeddable":true,"href":"https:\/\/www.rvdv.net\/leurslumieres\/wp-json\/wp\/v2\/comments?post=474"}],"version-history":[{"count":5,"href":"https:\/\/www.rvdv.net\/leurslumieres\/wp-json\/wp\/v2\/pages\/474\/revisions"}],"predecessor-version":[{"id":479,"href":"https:\/\/www.rvdv.net\/leurslumieres\/wp-json\/wp\/v2\/pages\/474\/revisions\/479"}],"up":[{"embeddable":true,"href":"https:\/\/www.rvdv.net\/leurslumieres\/wp-json\/wp\/v2\/pages\/2"}],"wp:attachment":[{"href":"https:\/\/www.rvdv.net\/leurslumieres\/wp-json\/wp\/v2\/media?parent=474"}],"curies":[{"name":"wp","href":"https:\/\/api.w.org\/{rel}","templated":true}]}}