{"id":73,"date":"2026-03-30T17:53:53","date_gmt":"2026-03-30T15:53:53","guid":{"rendered":"https:\/\/www.rvdv.net\/leurslumieres\/?page_id=73"},"modified":"2026-03-30T18:13:16","modified_gmt":"2026-03-30T16:13:16","slug":"marie-julie-bourgeois","status":"publish","type":"page","link":"https:\/\/www.rvdv.net\/leurslumieres\/page-d-exemple\/marie-julie-bourgeois\/","title":{"rendered":"06. Marie-Julie Bourgeois"},"content":{"rendered":"<p><em>Parall\u00e8les<br \/>\n<\/em>Environnement interactif, 2010-2012<br \/>\nPremi\u00e8re pr\u00e9sentation dans \u00ab\u00a0leurs lumi\u00e8res\u00a0\u00bb<br \/>\nStructure en bois, interface trackball, ordinateur, moteurs, miroirs, lampes tungst\u00e8nes, enceintes, 8,20 x 8,20 x 2,50 m, dur\u00e9e variable<br \/>\nProgrammation informatique : Nicolas Montgermont<br \/>\nConseil lumi\u00e8re : Annie Leuridan (EnsadLab\/Diip)<br \/>\nR\u00e9gie technique : Pierre-Yves Dougnac (EnsAD), Alexandre Saunier<br \/>\nR\u00e9alisation m\u00e9catronique : La m\u00e9nagerie technologique IUT Cachan<br \/>\nComposition \u00e9lectronique et m\u00e9canique : Cyrille Henry (EnsadLab\/Diip)<br \/>\nArchitecture : Alain Cieutat, Henri Barth\u00e9lemy<br \/>\nMenuiserie: A premi\u00e8re vue<br \/>\nConseils physique et optique : Georges-Albert Kisfaludi<br \/>\nComposition sonore : Julien Br\u00e9val<br \/>\nProduction : programme Dispositifs interactifs et performatifs (DiiP) d\u2019EnsadLab, laboratoire de recherche de l\u2019\u00c9cole nationale\u00a0sup\u00e9rieure des Arts D\u00e9coratifs;\u00a0Fondation Lagard\u00e8re; avec la participation du Fresnoy<\/p>\n<p><img loading=\"lazy\" decoding=\"async\" class=\"alignnone size-full wp-image-115\" src=\"https:\/\/www.rvdv.net\/leurslumieres\/wp-content\/uploads\/sites\/9\/2026\/03\/9-PARALLELES.jpg\" alt=\"\" width=\"640\" height=\"904\" srcset=\"https:\/\/www.rvdv.net\/leurslumieres\/wp-content\/uploads\/sites\/9\/2026\/03\/9-PARALLELES.jpg 640w, https:\/\/www.rvdv.net\/leurslumieres\/wp-content\/uploads\/sites\/9\/2026\/03\/9-PARALLELES-212x300.jpg 212w\" sizes=\"auto, (max-width: 640px) 100vw, 640px\" \/><\/p>\n<p>Argument :<br \/>\nC\u2019est la course du soleil qui se dessine dans l\u2019environnement interactif <em>Parall\u00e8les<\/em>. La rotation d\u2019une bille g\u00e9ante permet au spectateur d\u2019avancer ou de reculer dans le temps. La vitesse et la dext\u00e9rit\u00e9 de la manipulation cr\u00e9ent l\u2019ambiance visuelle et sonore de l\u2019installation. La distorsion du temps est mat\u00e9rialis\u00e9e par la course du soleil telle qu\u2019elle peut s\u2019inscrire dans un espace clos. Des faisceaux de lumi\u00e8res parall\u00e8les correspondent \u00e0 la position du soleil dans le ciel \u00e0 un instant T. Les rayons accompagnent le d\u00e9placement produit par le contr\u00f4le du <em>trackball<\/em>, ils traversent l\u2019espace de la chambre blanche et \u00e9clairent le corps des spectateurs. Le principe est de simuler une perturbation de l\u2019\u00e9quilibre de notre plan\u00e8te en agissant sur sa vitesse de rotation. Le spectateur est non seulement embarqu\u00e9 dans un voyage temporel mais il est \u00e9galement expos\u00e9 aux cons\u00e9quences de ce d\u00e9r\u00e8glement virtuel du cycle. Il se trouve ainsi en plein c\u0153ur d\u2019un effet sp\u00e9cial inspir\u00e9 d\u2019un ph\u00e9nom\u00e8ne naturel qu\u2019il contr\u00f4le et subit \u00e0 la fois.<\/p>\n<p>Premise:<br \/>\nThe course of the sun is the inspiration of the interactive environment of Parall\u00e8les<em> (Parallels). The rotation of a giant marble enables the spectator to move back and forth through time. The speed and dexterity of the manipulation dictate the visual and auditory ambiance of the installation. The distortion of time is made manifest by the course of the sun as it could be perceived within an enclosed space. Beams of parallel light correspond to the position of the sun at a given instant in time. The rays correspond to the movement of the trackball, they traverse the space of the white room and play upon the bodies of the spectators. The principle is to simulate a disturbance in the equilibrium of our planet by acting upon its speed of rotation. The spectator not only embarks upon a journey in time, but they are also witnesses to the consequences of the virtual disruption of this cycle. Thus, they find themselves in the heart of a special effect inspired by a natural phenomenon which they both actively control and passively experience.<\/em><\/p>\n<p>N\u00e9e en 1981 \u00e0 Paris, elle vit et travaille \u00e0 Paris. Apr\u00e8s des \u00e9tudes en communication visuelle, elle travaille dans l\u2019audiovisuel en tant que directrice artistique. En 2008, elle suit le Mast\u00e8re Cr\u00e9ation en nouveaux m\u00e9dias de l\u2019\u00c9cole nationale sup\u00e9rieure de cr\u00e9ation industrielle dans lequel elle amorce une recherche plastique utilisant les technologies num\u00e9riques. En 2009, elle int\u00e8gre le cycle de recherche d\u2019EnsadLab\/DiiP et travaille \u00e0 l\u2019ENSCI sur le projet de recherche \u00abTopophonie\u00bb qui porte sur la navigation sonore dans les masses d\u2019\u00e9v\u00e9nements audiographiques spatialis\u00e9s. Elle pr\u00e9pare actuellement un doctorat en \u00abEsth\u00e9tique, sciences et technologies des arts\u00bb \u00e0 l\u2019Universit\u00e9 Paris 8. Ses recherches portent sur les activit\u00e9s humaines, physiques et perceptives, prises entre lumi\u00e8re et \u00abmachine de vision\u00bb. Ces deux \u00e9l\u00e9ments sont mis en oeuvre dans la plupart de ses dispositifs interactifs, qu\u2019ils soient automatiques ou en interaction avec le public. La question de la relation du public <em>face<\/em> \u00e0 l\u2019\u0153uvre puis <em>dans<\/em> l\u2019\u0153uvre l\u2019a amen\u00e9e \u00e0 d\u00e9velopper des dispositifs soulignant cette tension. Elle utilise la lumi\u00e8re en tant que mati\u00e8re mais aussi pour ce qu\u2019elle raconte, la lumi\u00e8re naturelle en tant qu\u2019entit\u00e9 vitale et la lumi\u00e8re artificielle en tant que continuum technologique. Elle a particip\u00e9 \u00e0 La Nuit blanche 2008, au Festival Siana \u00e0 Evry et au Br\u00e9sil en 2009, \u00e0 la premi\u00e8re \u00e9dition du festival Bouillants, \u00e0 Futur en Seine, \u00e0 PIKSEL en Norv\u00e8ge, ainsi qu\u2019\u00e0 Ososph\u00e8re 2011<\/p>\n<p><a href=\"http:\/\/mariejuliebourgeois.fr\/\" target=\"_blank\" rel=\"noopener\">http:\/\/mariejuliebourgeois.fr<\/a><a href=\"http:\/\/mariejuliebourgeois.fr\/distorsion-parallele\" target=\"_blank\" rel=\"noopener\"><br \/>\nhttp:\/\/mariejuliebourgeois.fr\/distorsion-parallele<\/a><\/p>\n","protected":false},"excerpt":{"rendered":"<p>Parall\u00e8les Environnement interactif, 2010-2012 Premi\u00e8re pr\u00e9sentation dans \u00ab\u00a0leurs lumi\u00e8res\u00a0\u00bb Structure en bois, interface trackball, ordinateur, moteurs, miroirs, lampes tungst\u00e8nes, enceintes, 8,20 x 8,20 x 2,50 m, dur\u00e9e variable Programmation informatique : Nicolas Montgermont Conseil lumi\u00e8re : Annie Leuridan (EnsadLab\/Diip) R\u00e9gie technique : Pierre-Yves Dougnac (EnsAD), Alexandre Saunier R\u00e9alisation m\u00e9catronique : La m\u00e9nagerie technologique IUT Cachan &hellip; <a href=\"https:\/\/www.rvdv.net\/leurslumieres\/page-d-exemple\/marie-julie-bourgeois\/\" class=\"more-link\">Continuer la lecture de <span class=\"screen-reader-text\">06. Marie-Julie Bourgeois<\/span><\/a><\/p>\n","protected":false},"author":2,"featured_media":0,"parent":2,"menu_order":0,"comment_status":"closed","ping_status":"closed","template":"","meta":{"footnotes":""},"class_list":["post-73","page","type-page","status-publish","hentry"],"_links":{"self":[{"href":"https:\/\/www.rvdv.net\/leurslumieres\/wp-json\/wp\/v2\/pages\/73","targetHints":{"allow":["GET"]}}],"collection":[{"href":"https:\/\/www.rvdv.net\/leurslumieres\/wp-json\/wp\/v2\/pages"}],"about":[{"href":"https:\/\/www.rvdv.net\/leurslumieres\/wp-json\/wp\/v2\/types\/page"}],"author":[{"embeddable":true,"href":"https:\/\/www.rvdv.net\/leurslumieres\/wp-json\/wp\/v2\/users\/2"}],"replies":[{"embeddable":true,"href":"https:\/\/www.rvdv.net\/leurslumieres\/wp-json\/wp\/v2\/comments?post=73"}],"version-history":[{"count":8,"href":"https:\/\/www.rvdv.net\/leurslumieres\/wp-json\/wp\/v2\/pages\/73\/revisions"}],"predecessor-version":[{"id":116,"href":"https:\/\/www.rvdv.net\/leurslumieres\/wp-json\/wp\/v2\/pages\/73\/revisions\/116"}],"up":[{"embeddable":true,"href":"https:\/\/www.rvdv.net\/leurslumieres\/wp-json\/wp\/v2\/pages\/2"}],"wp:attachment":[{"href":"https:\/\/www.rvdv.net\/leurslumieres\/wp-json\/wp\/v2\/media?parent=73"}],"curies":[{"name":"wp","href":"https:\/\/api.w.org\/{rel}","templated":true}]}}