{"id":83,"date":"2026-03-30T18:00:29","date_gmt":"2026-03-30T16:00:29","guid":{"rendered":"https:\/\/www.rvdv.net\/leurslumieres\/?page_id=83"},"modified":"2026-03-30T18:09:08","modified_gmt":"2026-03-30T16:09:08","slug":"07-felicie-destienne-dorves","status":"publish","type":"page","link":"https:\/\/www.rvdv.net\/leurslumieres\/page-d-exemple\/07-felicie-destienne-dorves\/","title":{"rendered":"07. F\u00e9licie d\u2019Estienne d\u2019Orves"},"content":{"rendered":"<p><em>\u00c9clipse II <\/em>(s\u00e9rie<em> Cosmos<\/em>)<br \/>\nVid\u00e9o-sculpture, 2012<br \/>\nCr\u00e9ation pour \u00ab leurs lumi\u00e8res \u00bb<br \/>\nProjection vid\u00e9o sur un disque d\u2019aluminium peint, 1,5 m de diam\u00e8tre, vid\u00e9o en boucle<br \/>\nFabrication : Atelier Delarasse<br \/>\nProduction\u00a0: Courtesy of Galerie Lot 10, Bruxelles ; Centre Culturel de Rencontre de l\u2019Abbaye de Saint-Riquier<\/p>\n<p><img loading=\"lazy\" decoding=\"async\" class=\"alignnone wp-image-87 size-full\" src=\"https:\/\/www.rvdv.net\/leurslumieres\/wp-content\/uploads\/sites\/9\/2026\/03\/7-ECLIPSE.jpg\" alt=\"\" width=\"640\" height=\"905\" srcset=\"https:\/\/www.rvdv.net\/leurslumieres\/wp-content\/uploads\/sites\/9\/2026\/03\/7-ECLIPSE.jpg 640w, https:\/\/www.rvdv.net\/leurslumieres\/wp-content\/uploads\/sites\/9\/2026\/03\/7-ECLIPSE-212x300.jpg 212w\" sizes=\"auto, (max-width: 640px) 100vw, 640px\" \/><\/p>\n<p>Argument :<br \/>\nLa vid\u00e9o pour \u00e9cran circulaire suspendu dans l\u2019espace <em>\u00c9clipse II<\/em> est l\u2019aboutissement de la s\u00e9rie <em>Cosmos<\/em> qui vise \u00e0 interroger la connaissance mythique et instinctive qu\u2019induisent les manifestations naturelles de la lumi\u00e8re. Comme les autres vid\u00e9os et constructions rayonnantes et color\u00e9es de l\u2019artiste, elle interroge le processus de la vision et le conditionnement du regard. Elle donne \u00e0 percevoir des rotations cycliques et progressives et le d\u00e9roulement d\u2019\u00e9tats lumineux et hypnotiques qui se r\u00e9f\u00e8rent \u00e0 des ph\u00e9nom\u00e8nes d\u2019astrophysique. Apr\u00e8s la formation de la mati\u00e8re dans la sculpture\u00a0<em>Ovale<\/em> (2008), le recouvrement apparent d\u2019un astre par un autre en un instant pr\u00e9cis dans <em>\u00c9clipse I<\/em> (2009), l\u2019explosion d\u2019une \u00e9toile <em>Supernova<\/em> (2011), <em>\u00c9clipse\u00a0II<\/em> fait \u00e9prouver le jeu des positions relatives de l\u2019observateur, d\u2019une source de lumi\u00e8re et d\u2019un disque \u00e9clipsant. Une telle inscription dans l\u2019espace de l\u2019alignement d\u2019ombres et de lumi\u00e8res \u00e9voque les limites de la perception humaine et des \u00e9v\u00e9nements qui nous relient \u00e0 des espaces-temps \u00e9trangers.<\/p>\n<p><em>Premise: <\/em><br \/>\n<em>A video for a circular screen suspended in space, <\/em>\u00c9clipse II<em> is the last element of the <\/em>Cosmos<em> series which aims to question the instinctive and mythical understanding which natural manifestations of light induce. Like this artist\u2019s other videos and radiantly coloured constructions, it seeks to explore the process behind vision and the ways in which our gaze is conditioned. It recreates a series of cyclical and progressive rotations as various luminous and hypnotic states progressively unfold, inspired by astrophysical phenomena. After the creation of the material with the sculpture\u00a0<\/em>Ovale<em> (2008), the apparent covering of one star by another at a precise instant in <\/em>\u00c9clipse I<em> (2009), and the explosion of a star in <\/em>Supernova<em> (2011), <\/em>\u00c9clipse\u00a0II<em> helps us experience the play inherent between the relative position of the observer, a source of light and an eclipsing disk. This assertion in space of an interplay and alignment of shadow and light evokes the limits of human perception and events which create links with distant space-times.<\/em><\/p>\n<p>N\u00e9e en 1979 \u00e0 Ath\u00e8nes, elle vit et travaille \u00e0 Paris. Au cours de ses \u00e9tudes \u00e0 l\u2019\u00c9cole nationale sup\u00e9rieure des Arts D\u00e9coratifs et dans l\u2019Atelier de recherches interactives, elle r\u00e9alise ses premiers travaux de <em>video mapping<\/em>, en projetant des couleurs sur des objets. M\u00ealant vid\u00e9o, sculptures et projections, elle poursuit un travail sur le processus de la vision et le conditionnement du regard. En collaboration avec des musiciens issus de la sc\u00e8ne exp\u00e9rimentale, son langage pictural transporte le spectateur dans un espace o\u00f9 le corps entre en vibration sous l\u2019impact d\u2019oscillations lumineuses et acoustiques. Elle utilise des supports physiques, natures mortes et papiers pli\u00e9s (s\u00e9rie <em>Origami<\/em>, 2000), comme r\u00e9flecteurs sur lesquels elle mod\u00e8le de fausses ombres ou d\u00e9grad\u00e9s qui agissent en trompe-l\u2019\u0153il. Ses installations visent \u00e0 troubler la perception, \u00e0 la fronti\u00e8re de l\u2019espace physique et de l\u2019immat\u00e9riel. Parmi ses travaux r\u00e9cents : <em>Monolithe<\/em>, pr\u00e9sent\u00e9 dans l\u2019\u00e9glise Saint-Roch (Nuit Blanche, Paris, 2008), met en \u0153uvre les perceptions kinesth\u00e9siques et le conditionnement du corps qu\u2019induit le rapport \u00e0 l\u2019architecture ; <em>Supernova<\/em> met en sc\u00e8ne l\u2019explosion tridimensionnelle d\u2019une \u00e9toile (musique de Laurent Dailleau, production Arcadi\/Maison des Arts de Cr\u00e9teil) ; <em>Gong II<\/em>, une projection de lumi\u00e8re stroboscopique sur un d\u00f4me blanc ponctu\u00e9e d\u2019impressions r\u00e9tiniennes (musique de Fr\u00e9d\u00e9ric Nogray, Exp\u00e9rience Pommery #9, Reims); <em>Geometry<\/em>, pour le centre d\u2019art Watermans et la Mairie de Londres (2012), une sculpture cin\u00e9tique en ext\u00e9rieur qui projette des lignes de laser reliant le sol au ciel par des croisements g\u00e9om\u00e9triques.<\/p>\n<p><a href=\"http:\/\/www.feliciedestiennedorves.com\/\" target=\"_blank\" rel=\"noopener\">http:\/\/www.feliciedestiennedorves.com<\/a><\/p>\n","protected":false},"excerpt":{"rendered":"<p>\u00c9clipse II (s\u00e9rie Cosmos) Vid\u00e9o-sculpture, 2012 Cr\u00e9ation pour \u00ab leurs lumi\u00e8res \u00bb Projection vid\u00e9o sur un disque d\u2019aluminium peint, 1,5 m de diam\u00e8tre, vid\u00e9o en boucle Fabrication : Atelier Delarasse Production\u00a0: Courtesy of Galerie Lot 10, Bruxelles ; Centre Culturel de Rencontre de l\u2019Abbaye de Saint-Riquier Argument : La vid\u00e9o pour \u00e9cran circulaire suspendu dans &hellip; <a href=\"https:\/\/www.rvdv.net\/leurslumieres\/page-d-exemple\/07-felicie-destienne-dorves\/\" class=\"more-link\">Continuer la lecture de <span class=\"screen-reader-text\">07. F\u00e9licie d\u2019Estienne d\u2019Orves<\/span><\/a><\/p>\n","protected":false},"author":2,"featured_media":0,"parent":2,"menu_order":0,"comment_status":"closed","ping_status":"closed","template":"","meta":{"footnotes":""},"class_list":["post-83","page","type-page","status-publish","hentry"],"_links":{"self":[{"href":"https:\/\/www.rvdv.net\/leurslumieres\/wp-json\/wp\/v2\/pages\/83","targetHints":{"allow":["GET"]}}],"collection":[{"href":"https:\/\/www.rvdv.net\/leurslumieres\/wp-json\/wp\/v2\/pages"}],"about":[{"href":"https:\/\/www.rvdv.net\/leurslumieres\/wp-json\/wp\/v2\/types\/page"}],"author":[{"embeddable":true,"href":"https:\/\/www.rvdv.net\/leurslumieres\/wp-json\/wp\/v2\/users\/2"}],"replies":[{"embeddable":true,"href":"https:\/\/www.rvdv.net\/leurslumieres\/wp-json\/wp\/v2\/comments?post=83"}],"version-history":[{"count":5,"href":"https:\/\/www.rvdv.net\/leurslumieres\/wp-json\/wp\/v2\/pages\/83\/revisions"}],"predecessor-version":[{"id":108,"href":"https:\/\/www.rvdv.net\/leurslumieres\/wp-json\/wp\/v2\/pages\/83\/revisions\/108"}],"up":[{"embeddable":true,"href":"https:\/\/www.rvdv.net\/leurslumieres\/wp-json\/wp\/v2\/pages\/2"}],"wp:attachment":[{"href":"https:\/\/www.rvdv.net\/leurslumieres\/wp-json\/wp\/v2\/media?parent=83"}],"curies":[{"name":"wp","href":"https:\/\/api.w.org\/{rel}","templated":true}]}}