{"id":106,"date":"2015-01-04T11:46:53","date_gmt":"2015-01-04T11:46:53","guid":{"rendered":"http:\/\/www.rvdv.net\/vincennes\/?page_id=106"},"modified":"2024-07-17T14:05:21","modified_gmt":"2024-07-17T12:05:21","slug":"lecole-freinet","status":"publish","type":"page","link":"https:\/\/www.rvdv.net\/vincennes\/latelier-de-linogravure\/freinet-et-la-linogravure\/lecole-freinet\/","title":{"rendered":"L&rsquo;\u00e9cole Freinet, films"},"content":{"rendered":"<p>Jean-Paul Le Chanois, <em>L&rsquo;\u00c9cole buissonni\u00e8re<\/em>, 1949<br \/>\n<a href=\"http:\/\/www.amisdefreinet.org\/bulletin\/056p3-14barre.html\" target=\"_blank\" rel=\"noopener\">http:\/\/www.amisdefreinet.org\/bulletin\/056p3-14barre.htm<\/a>l<\/p>\n<p>L&rsquo;\u00e9cole moderne de C\u00e9lestin Freinet, la Fabrique de l&rsquo;histoire, France culture, 7 janvier 2013. Documentaire de S\u00e9verine Liatard et S\u00e9verine Cassar.\t\t<\/p>\n","protected":false},"excerpt":{"rendered":"<p>Jean-Paul Le Chanois, L&rsquo;\u00c9cole buissonni\u00e8re, 1949 http:\/\/www.amisdefreinet.org\/bulletin\/056p3-14barre.html L&rsquo;\u00e9cole moderne de C\u00e9lestin Freinet, la Fabrique de l&rsquo;histoire, France culture, 7 janvier 2013. Documentaire de S\u00e9verine Liatard et S\u00e9verine Cassar.<\/p>\n","protected":false},"author":2,"featured_media":0,"parent":119,"menu_order":3,"comment_status":"closed","ping_status":"open","template":"","meta":{"footnotes":""},"class_list":["post-106","page","type-page","status-publish","hentry"],"_links":{"self":[{"href":"https:\/\/www.rvdv.net\/vincennes\/wp-json\/wp\/v2\/pages\/106","targetHints":{"allow":["GET"]}}],"collection":[{"href":"https:\/\/www.rvdv.net\/vincennes\/wp-json\/wp\/v2\/pages"}],"about":[{"href":"https:\/\/www.rvdv.net\/vincennes\/wp-json\/wp\/v2\/types\/page"}],"author":[{"embeddable":true,"href":"https:\/\/www.rvdv.net\/vincennes\/wp-json\/wp\/v2\/users\/2"}],"replies":[{"embeddable":true,"href":"https:\/\/www.rvdv.net\/vincennes\/wp-json\/wp\/v2\/comments?post=106"}],"version-history":[{"count":1,"href":"https:\/\/www.rvdv.net\/vincennes\/wp-json\/wp\/v2\/pages\/106\/revisions"}],"predecessor-version":[{"id":1781,"href":"https:\/\/www.rvdv.net\/vincennes\/wp-json\/wp\/v2\/pages\/106\/revisions\/1781"}],"up":[{"embeddable":true,"href":"https:\/\/www.rvdv.net\/vincennes\/wp-json\/wp\/v2\/pages\/119"}],"wp:attachment":[{"href":"https:\/\/www.rvdv.net\/vincennes\/wp-json\/wp\/v2\/media?parent=106"}],"curies":[{"name":"wp","href":"https:\/\/api.w.org\/{rel}","templated":true}]}}