{"id":122,"date":"2015-01-21T10:09:34","date_gmt":"2015-01-21T10:09:34","guid":{"rendered":"http:\/\/www.rvdv.net\/vincennes\/?page_id=122"},"modified":"2024-07-17T14:01:02","modified_gmt":"2024-07-17T12:01:02","slug":"typographie-pour-la-serigraphie","status":"publish","type":"page","link":"https:\/\/www.rvdv.net\/vincennes\/latelier-de-serigraphie\/typographie-pour-la-serigraphie\/","title":{"rendered":"Typographie pour la s\u00e9rigraphie"},"content":{"rendered":"<p>En 1971, pour faire exister un atelier de s\u00e9rigraphie, mais aussi pour aborder explicitement la composition et l&#039;impression, y compris dans des films 16 mm au banc-titre, nous trouvons une presse typographique ordinairement destin\u00e9e au commerce et \u00e0 la signal\u00e9tique. Les caract\u00e8res sont en mati\u00e8re plastique avec du m\u00e9tal, uniquement dans des grands corps, et dans les polices classiques : Helvetica, Univers, Times, etc.<\/p>\n<p>Cette presse manuelle de petit format \u00e9voque la presse que j&#039;avais connue et pratiqu\u00e9e enfant, la presse promue par l&#039;\u00c9cole Freinet. Sans que l&#039;exemple de Freinet soit explicitement mise en avant, cette technique entre dans l&#039;id\u00e9e d&#039;\u0153uvre didactique, dans notre pr\u00e9occupation de transformation des traditions, de r\u00e9alisme, de l&#039;exp\u00e9rience d&#039;attitudes concr\u00e8tes.<\/p>\n<p><a href=\"https:\/\/www.rvdv.net\/vincennes\/wp-content\/uploads\/sites\/5\/2015\/01\/presse-freinet.jpg\" data-rel=\"lightbox-image-0\" data-imagelightbox=\"0\" data-rl_title=\"\" data-rl_caption=\"\" title=\"\"><img loading=\"lazy\" decoding=\"async\" class=\"alignnone size-full wp-image-789\" src=\"https:\/\/www.rvdv.net\/vincennes\/wp-content\/uploads\/sites\/5\/2015\/01\/presse-freinet.jpg\" alt=\"presse freinet\" width=\"640\" height=\"480\" srcset=\"https:\/\/www.rvdv.net\/vincennes\/wp-content\/uploads\/sites\/5\/2015\/01\/presse-freinet.jpg 2000w, https:\/\/www.rvdv.net\/vincennes\/wp-content\/uploads\/sites\/5\/2015\/01\/presse-freinet-300x225.jpg 300w, https:\/\/www.rvdv.net\/vincennes\/wp-content\/uploads\/sites\/5\/2015\/01\/presse-freinet-1024x768.jpg 1024w, https:\/\/www.rvdv.net\/vincennes\/wp-content\/uploads\/sites\/5\/2015\/01\/presse-freinet-768x576.jpg 768w, https:\/\/www.rvdv.net\/vincennes\/wp-content\/uploads\/sites\/5\/2015\/01\/presse-freinet-1536x1152.jpg 1536w\" sizes=\"auto, (max-width: 640px) 100vw, 640px\" \/><\/a><br \/>\nPresse C.E.L. de l&rsquo;\u00c9cole Freinet, 1947. Extrait de la brochure <a href=\"https:\/\/www.rvdv.net\/vincennes\/wp-pdf\/benp-46.pdf\" target=\"_blank\" rel=\"noopener\"><em>Technique de l&rsquo;imprimerie \u00e0 l&rsquo;\u00e9cole, Composition, Impression, Illustration, \u00c9changes<\/em><\/a>, \u00c9ditions de l\u2019\u00c9cole Moderne Fran\u00e7aise, Cannes, 1949.<\/p>\n<p><a href=\"https:\/\/www.rvdv.net\/vincennes\/wp-content\/uploads\/sites\/5\/2015\/01\/tiflex-presse.jpg\" data-rel=\"lightbox-image-1\" data-imagelightbox=\"1\" data-rl_title=\"\" data-rl_caption=\"\" title=\"\"><img loading=\"lazy\" decoding=\"async\" class=\"alignnone wp-image-790\" src=\"https:\/\/www.rvdv.net\/vincennes\/wp-content\/uploads\/sites\/5\/2015\/01\/tiflex-presse.jpg\" alt=\"tiflex-presse\" width=\"640\" height=\"410\" srcset=\"https:\/\/www.rvdv.net\/vincennes\/wp-content\/uploads\/sites\/5\/2015\/01\/tiflex-presse.jpg 2400w, https:\/\/www.rvdv.net\/vincennes\/wp-content\/uploads\/sites\/5\/2015\/01\/tiflex-presse-300x192.jpg 300w, https:\/\/www.rvdv.net\/vincennes\/wp-content\/uploads\/sites\/5\/2015\/01\/tiflex-presse-1024x655.jpg 1024w, https:\/\/www.rvdv.net\/vincennes\/wp-content\/uploads\/sites\/5\/2015\/01\/tiflex-presse-768x492.jpg 768w, https:\/\/www.rvdv.net\/vincennes\/wp-content\/uploads\/sites\/5\/2015\/01\/tiflex-presse-1536x983.jpg 1536w, https:\/\/www.rvdv.net\/vincennes\/wp-content\/uploads\/sites\/5\/2015\/01\/tiflex-presse-2048x1311.jpg 2048w\" sizes=\"auto, (max-width: 640px) 100vw, 640px\" \/><\/a><br \/>\nPresse Tiflex, 1972 (1 096 francs HT)<a href=\"http:\/\/www.icem-freinet.fr\/archives\/benp\/benp-1\/benp-1.htm\">our<\/a><\/p>\n","protected":false},"excerpt":{"rendered":"<p>En 1971, pour faire exister un atelier de s\u00e9rigraphie, mais aussi pour aborder explicitement la composition et l&#039;impression, y compris dans des films 16 mm au banc-titre, nous trouvons une presse typographique ordinairement destin\u00e9e au commerce et \u00e0 la signal\u00e9tique. Les caract\u00e8res sont en mati\u00e8re plastique avec du m\u00e9tal, uniquement dans des grands corps, et &hellip; <a href=\"https:\/\/www.rvdv.net\/vincennes\/latelier-de-serigraphie\/typographie-pour-la-serigraphie\/\" class=\"more-link\">Continuer la lecture de <span class=\"screen-reader-text\">Typographie pour la s\u00e9rigraphie<\/span><\/a><\/p>\n","protected":false},"author":2,"featured_media":0,"parent":90,"menu_order":2,"comment_status":"closed","ping_status":"open","template":"","meta":{"footnotes":""},"class_list":["post-122","page","type-page","status-publish","hentry"],"_links":{"self":[{"href":"https:\/\/www.rvdv.net\/vincennes\/wp-json\/wp\/v2\/pages\/122","targetHints":{"allow":["GET"]}}],"collection":[{"href":"https:\/\/www.rvdv.net\/vincennes\/wp-json\/wp\/v2\/pages"}],"about":[{"href":"https:\/\/www.rvdv.net\/vincennes\/wp-json\/wp\/v2\/types\/page"}],"author":[{"embeddable":true,"href":"https:\/\/www.rvdv.net\/vincennes\/wp-json\/wp\/v2\/users\/2"}],"replies":[{"embeddable":true,"href":"https:\/\/www.rvdv.net\/vincennes\/wp-json\/wp\/v2\/comments?post=122"}],"version-history":[{"count":1,"href":"https:\/\/www.rvdv.net\/vincennes\/wp-json\/wp\/v2\/pages\/122\/revisions"}],"predecessor-version":[{"id":1780,"href":"https:\/\/www.rvdv.net\/vincennes\/wp-json\/wp\/v2\/pages\/122\/revisions\/1780"}],"up":[{"embeddable":true,"href":"https:\/\/www.rvdv.net\/vincennes\/wp-json\/wp\/v2\/pages\/90"}],"wp:attachment":[{"href":"https:\/\/www.rvdv.net\/vincennes\/wp-json\/wp\/v2\/media?parent=122"}],"curies":[{"name":"wp","href":"https:\/\/api.w.org\/{rel}","templated":true}]}}