{"id":1400,"date":"2016-12-31T20:32:29","date_gmt":"2016-12-31T20:32:29","guid":{"rendered":"http:\/\/www.rvdv.net\/vincennes\/?page_id=1400"},"modified":"2024-07-17T19:12:07","modified_gmt":"2024-07-17T17:12:07","slug":"citations","status":"publish","type":"page","link":"https:\/\/www.rvdv.net\/vincennes\/citations\/","title":{"rendered":"10. Textes prononc\u00e9s"},"content":{"rendered":"<p><img loading=\"lazy\" decoding=\"async\" class=\"alignnone wp-image-1402\" src=\"https:\/\/www.rvdv.net\/vincennes\/wp-content\/uploads\/sites\/5\/2016\/12\/alphaville-starter.gif\" width=\"640\" height=\"480\" \/><br \/>\nSur le lieu du d\u00e9partement de philosophie, aujourd&rsquo;hui dans un sous-bois, une clairi\u00e8re, deux textes sont prononc\u00e9s, avec un amplificateur portable.<\/p>\n","protected":false},"excerpt":{"rendered":"<p>Sur le lieu du d\u00e9partement de philosophie, aujourd&rsquo;hui dans un sous-bois, une clairi\u00e8re, deux textes sont prononc\u00e9s, avec un amplificateur portable.<\/p>\n","protected":false},"author":2,"featured_media":0,"parent":0,"menu_order":0,"comment_status":"closed","ping_status":"closed","template":"","meta":{"footnotes":""},"class_list":["post-1400","page","type-page","status-publish","hentry"],"_links":{"self":[{"href":"https:\/\/www.rvdv.net\/vincennes\/wp-json\/wp\/v2\/pages\/1400","targetHints":{"allow":["GET"]}}],"collection":[{"href":"https:\/\/www.rvdv.net\/vincennes\/wp-json\/wp\/v2\/pages"}],"about":[{"href":"https:\/\/www.rvdv.net\/vincennes\/wp-json\/wp\/v2\/types\/page"}],"author":[{"embeddable":true,"href":"https:\/\/www.rvdv.net\/vincennes\/wp-json\/wp\/v2\/users\/2"}],"replies":[{"embeddable":true,"href":"https:\/\/www.rvdv.net\/vincennes\/wp-json\/wp\/v2\/comments?post=1400"}],"version-history":[{"count":6,"href":"https:\/\/www.rvdv.net\/vincennes\/wp-json\/wp\/v2\/pages\/1400\/revisions"}],"predecessor-version":[{"id":1844,"href":"https:\/\/www.rvdv.net\/vincennes\/wp-json\/wp\/v2\/pages\/1400\/revisions\/1844"}],"wp:attachment":[{"href":"https:\/\/www.rvdv.net\/vincennes\/wp-json\/wp\/v2\/media?parent=1400"}],"curies":[{"name":"wp","href":"https:\/\/api.w.org\/{rel}","templated":true}]}}