{"id":1639,"date":"2015-01-03T23:14:42","date_gmt":"2015-01-03T23:14:42","guid":{"rendered":"http:\/\/www.rvdv.net\/vincennes\/?page_id=2"},"modified":"2025-03-20T12:04:04","modified_gmt":"2025-03-20T11:04:04","slug":"page-d-exemple-2","status":"publish","type":"page","link":"https:\/\/www.rvdv.net\/vincennes\/page-d-exemple-2\/","title":{"rendered":"12. R\u00e9dacteurs"},"content":{"rendered":"<p>R\u00e9dacteurs de ce site depuis janvier 2015 :<\/p>\n<p><a href=\"https:\/\/www.rvdv.net\/vincennes\/wp-content\/uploads\/sites\/5\/2015\/01\/lt-portrait-1978-1200.jpg\" data-rel=\"lightbox-image-0\" data-imagelightbox=\"0\" data-rl_title=\"\" data-rl_caption=\"\" title=\"\"><img loading=\"lazy\" decoding=\"async\" class=\"alignnone wp-image-928\" src=\"https:\/\/www.rvdv.net\/vincennes\/wp-content\/uploads\/sites\/5\/2015\/01\/lt-portrait-1978-1200.jpg\" alt=\"lt-portrait-1978-1200\" width=\"450\" height=\"300\" srcset=\"https:\/\/www.rvdv.net\/vincennes\/wp-content\/uploads\/sites\/5\/2015\/01\/lt-portrait-1978-1200.jpg 1200w, https:\/\/www.rvdv.net\/vincennes\/wp-content\/uploads\/sites\/5\/2015\/01\/lt-portrait-1978-1200-300x200.jpg 300w, https:\/\/www.rvdv.net\/vincennes\/wp-content\/uploads\/sites\/5\/2015\/01\/lt-portrait-1978-1200-1024x683.jpg 1024w, https:\/\/www.rvdv.net\/vincennes\/wp-content\/uploads\/sites\/5\/2015\/01\/lt-portrait-1978-1200-768x512.jpg 768w\" sizes=\"auto, (max-width: 450px) 100vw, 450px\" \/><\/a><br \/>\nLiliane Terrier, maitresse de conf\u00e9rence honoraire en arts plastiques, a enseigne \u00e0 Vincennes \u00e0 partir de 1974. Elle s\u2019est consacr\u00e9e au rapport texte-image port\u00e9 par la gravure typographique, la photocopie, le livre d\u2019artiste, le fax, le r\u00e9seau, le web.<\/p>\n<p><a href=\"https:\/\/www.rvdv.net\/vincennes\/wp-content\/uploads\/sites\/5\/2015\/01\/jlb-portrait-1978-1200.jpg\" data-rel=\"lightbox-image-1\" data-imagelightbox=\"1\" data-rl_title=\"\" data-rl_caption=\"\" title=\"\"><img loading=\"lazy\" decoding=\"async\" class=\"alignnone wp-image-927\" src=\"https:\/\/www.rvdv.net\/vincennes\/wp-content\/uploads\/sites\/5\/2015\/01\/jlb-portrait-1978-1200.jpg\" alt=\"jlb-portrait-1978-1200\" width=\"300\" height=\"450\" srcset=\"https:\/\/www.rvdv.net\/vincennes\/wp-content\/uploads\/sites\/5\/2015\/01\/jlb-portrait-1978-1200.jpg 800w, https:\/\/www.rvdv.net\/vincennes\/wp-content\/uploads\/sites\/5\/2015\/01\/jlb-portrait-1978-1200-200x300.jpg 200w, https:\/\/www.rvdv.net\/vincennes\/wp-content\/uploads\/sites\/5\/2015\/01\/jlb-portrait-1978-1200-683x1024.jpg 683w, https:\/\/www.rvdv.net\/vincennes\/wp-content\/uploads\/sites\/5\/2015\/01\/jlb-portrait-1978-1200-768x1152.jpg 768w\" sizes=\"auto, (max-width: 300px) 100vw, 300px\" \/><\/a><br \/>\nJean-Louis Boissier, professeur \u00e9m\u00e9rite en arts plastiques, a d\u00e9but\u00e9 par le cin\u00e9ma install\u00e9 et le graphisme. Il enseigne \u00e0 Vincennes \u00e0 partir de fin 1969. Cherchant \u00e0 transformer les positions relatives des auteurs et des lecteurs et spectateurs, il a \u00e9t\u00e9 tr\u00e8s t\u00f4t artiste chercheur, th\u00e9oricien et curateur de l\u2019interactivit\u00e9 et du virtuel en art.<\/p>\n<p>Images et textes de ce site ne peuvent \u00eatre reproduits qu&rsquo;avec l&rsquo;autorisation des auteurs.<\/p>\n<p><span style=\"color: #808080;\">Contact :<\/span><\/p>\n<p><strong><img loading=\"lazy\" decoding=\"async\" class=\"alignnone size-medium wp-image-1910\" src=\"https:\/\/www.rvdv.net\/vincennes\/wp-content\/uploads\/sites\/5\/2025\/03\/Capture-decran-2025-03-20-a-12.03.03-300x28.png\" alt=\"\" width=\"300\" height=\"28\" srcset=\"https:\/\/www.rvdv.net\/vincennes\/wp-content\/uploads\/sites\/5\/2025\/03\/Capture-decran-2025-03-20-a-12.03.03-300x28.png 300w, https:\/\/www.rvdv.net\/vincennes\/wp-content\/uploads\/sites\/5\/2025\/03\/Capture-decran-2025-03-20-a-12.03.03.png 610w\" sizes=\"auto, (max-width: 300px) 100vw, 300px\" \/><\/strong><\/p>\n<p><a href=\"https:\/\/www.rvdv.net\/vincennes\/wp-content\/uploads\/sites\/5\/2015\/01\/p8bando.jpg\" data-rel=\"lightbox-image-2\" data-imagelightbox=\"2\" data-rl_title=\"\" data-rl_caption=\"\" title=\"\"><img loading=\"lazy\" decoding=\"async\" class=\"alignnone size-full wp-image-1128\" src=\"https:\/\/www.rvdv.net\/vincennes\/wp-content\/uploads\/sites\/5\/2015\/01\/p8bando.jpg\" alt=\"p8bando\" width=\"89\" height=\"40\" \/><\/a><\/p>\n","protected":false},"excerpt":{"rendered":"<p>R\u00e9dacteurs de ce site depuis janvier 2015 : Liliane Terrier, maitresse de conf\u00e9rence honoraire en arts plastiques, a enseigne \u00e0 Vincennes \u00e0 partir de 1974. Elle s\u2019est consacr\u00e9e au rapport texte-image port\u00e9 par la gravure typographique, la photocopie, le livre d\u2019artiste, le fax, le r\u00e9seau, le web. Jean-Louis Boissier, professeur \u00e9m\u00e9rite en arts plastiques, a &hellip; <a href=\"https:\/\/www.rvdv.net\/vincennes\/page-d-exemple-2\/\" class=\"more-link\">Continuer la lecture de <span class=\"screen-reader-text\">12. R\u00e9dacteurs<\/span><\/a><\/p>\n","protected":false},"author":2,"featured_media":0,"parent":0,"menu_order":0,"comment_status":"open","ping_status":"open","template":"","meta":{"footnotes":""},"class_list":["post-1639","page","type-page","status-publish","hentry"],"_links":{"self":[{"href":"https:\/\/www.rvdv.net\/vincennes\/wp-json\/wp\/v2\/pages\/1639","targetHints":{"allow":["GET"]}}],"collection":[{"href":"https:\/\/www.rvdv.net\/vincennes\/wp-json\/wp\/v2\/pages"}],"about":[{"href":"https:\/\/www.rvdv.net\/vincennes\/wp-json\/wp\/v2\/types\/page"}],"author":[{"embeddable":true,"href":"https:\/\/www.rvdv.net\/vincennes\/wp-json\/wp\/v2\/users\/2"}],"replies":[{"embeddable":true,"href":"https:\/\/www.rvdv.net\/vincennes\/wp-json\/wp\/v2\/comments?post=1639"}],"version-history":[{"count":6,"href":"https:\/\/www.rvdv.net\/vincennes\/wp-json\/wp\/v2\/pages\/1639\/revisions"}],"predecessor-version":[{"id":1911,"href":"https:\/\/www.rvdv.net\/vincennes\/wp-json\/wp\/v2\/pages\/1639\/revisions\/1911"}],"wp:attachment":[{"href":"https:\/\/www.rvdv.net\/vincennes\/wp-json\/wp\/v2\/media?parent=1639"}],"curies":[{"name":"wp","href":"https:\/\/api.w.org\/{rel}","templated":true}]}}