{"id":9,"date":"2015-01-03T23:47:12","date_gmt":"2015-01-03T23:47:12","guid":{"rendered":"http:\/\/www.rvdv.net\/vincennes\/?page_id=9"},"modified":"2024-07-17T14:55:33","modified_gmt":"2024-07-17T12:55:33","slug":"essai-de-classement","status":"publish","type":"page","link":"https:\/\/www.rvdv.net\/vincennes\/essai-de-classement\/","title":{"rendered":"03. Le site de 1969 \u00e0 2015"},"content":{"rendered":"<p>Vues a\u00e9riennes et satellitaires du site de l&rsquo;Universit\u00e9 de Vincennes dans le Bois de Vincennes, Paris 12e.<br \/>\nDates : 1969 (juste apr\u00e8s la construction), 1981 (juste apr\u00e8s la destruction), 1987 (plantations), 2015.<\/p>\n<p><a href=\"https:\/\/www.rvdv.net\/vincennes\/wp-content\/uploads\/sites\/5\/2015\/01\/carte-vincennes-1969-scaled-1.jpg\" data-rel=\"lightbox-image-0\" data-imagelightbox=\"0\" data-rl_title=\"\" data-rl_caption=\"\" title=\"\"><img loading=\"lazy\" decoding=\"async\" class=\"alignnone wp-image-750\" src=\"https:\/\/www.rvdv.net\/vincennes\/wp-content\/uploads\/sites\/5\/2015\/01\/carte-vincennes-1969-scaled-1.jpg\" alt=\"carte-vincennes-1969\" width=\"640\" height=\"427\" srcset=\"https:\/\/www.rvdv.net\/vincennes\/wp-content\/uploads\/sites\/5\/2015\/01\/carte-vincennes-1969-scaled-1.jpg 2560w, https:\/\/www.rvdv.net\/vincennes\/wp-content\/uploads\/sites\/5\/2015\/01\/carte-vincennes-1969-scaled-1-300x200.jpg 300w, https:\/\/www.rvdv.net\/vincennes\/wp-content\/uploads\/sites\/5\/2015\/01\/carte-vincennes-1969-scaled-1-1024x683.jpg 1024w, https:\/\/www.rvdv.net\/vincennes\/wp-content\/uploads\/sites\/5\/2015\/01\/carte-vincennes-1969-scaled-1-768x512.jpg 768w, https:\/\/www.rvdv.net\/vincennes\/wp-content\/uploads\/sites\/5\/2015\/01\/carte-vincennes-1969-scaled-1-1536x1024.jpg 1536w, https:\/\/www.rvdv.net\/vincennes\/wp-content\/uploads\/sites\/5\/2015\/01\/carte-vincennes-1969-scaled-1-2048x1366.jpg 2048w\" sizes=\"auto, (max-width: 640px) 100vw, 640px\" \/><\/a><br \/>\n1969<\/p>\n<p><a href=\"https:\/\/www.rvdv.net\/vincennes\/wp-content\/uploads\/sites\/5\/2015\/01\/carte-vincennes-1981-scaled-1.jpg\" data-rel=\"lightbox-image-1\" data-imagelightbox=\"1\" data-rl_title=\"\" data-rl_caption=\"\" title=\"\"><img loading=\"lazy\" decoding=\"async\" class=\"alignnone size-full wp-image-751\" src=\"https:\/\/www.rvdv.net\/vincennes\/wp-content\/uploads\/sites\/5\/2015\/01\/carte-vincennes-1981-scaled-1.jpg\" alt=\"carte-vincennes-1981\" width=\"640\" height=\"427\" srcset=\"https:\/\/www.rvdv.net\/vincennes\/wp-content\/uploads\/sites\/5\/2015\/01\/carte-vincennes-1981-scaled-1.jpg 2560w, https:\/\/www.rvdv.net\/vincennes\/wp-content\/uploads\/sites\/5\/2015\/01\/carte-vincennes-1981-scaled-1-300x200.jpg 300w, https:\/\/www.rvdv.net\/vincennes\/wp-content\/uploads\/sites\/5\/2015\/01\/carte-vincennes-1981-scaled-1-1024x683.jpg 1024w, https:\/\/www.rvdv.net\/vincennes\/wp-content\/uploads\/sites\/5\/2015\/01\/carte-vincennes-1981-scaled-1-768x512.jpg 768w, https:\/\/www.rvdv.net\/vincennes\/wp-content\/uploads\/sites\/5\/2015\/01\/carte-vincennes-1981-scaled-1-1536x1024.jpg 1536w, https:\/\/www.rvdv.net\/vincennes\/wp-content\/uploads\/sites\/5\/2015\/01\/carte-vincennes-1981-scaled-1-2048x1366.jpg 2048w\" sizes=\"auto, (max-width: 640px) 100vw, 640px\" \/><\/a><br \/>\n1981<\/p>\n<p><a href=\"https:\/\/www.rvdv.net\/vincennes\/wp-content\/uploads\/sites\/5\/2015\/01\/carte-vincennes-1987-scaled-1.jpg\" data-rel=\"lightbox-image-2\" data-imagelightbox=\"2\" data-rl_title=\"\" data-rl_caption=\"\" title=\"\"><img loading=\"lazy\" decoding=\"async\" class=\"alignnone size-full wp-image-752\" src=\"https:\/\/www.rvdv.net\/vincennes\/wp-content\/uploads\/sites\/5\/2015\/01\/carte-vincennes-1987-scaled-1.jpg\" alt=\"carte-vincennes-1987\" width=\"640\" height=\"427\" srcset=\"https:\/\/www.rvdv.net\/vincennes\/wp-content\/uploads\/sites\/5\/2015\/01\/carte-vincennes-1987-scaled-1.jpg 2560w, https:\/\/www.rvdv.net\/vincennes\/wp-content\/uploads\/sites\/5\/2015\/01\/carte-vincennes-1987-scaled-1-300x200.jpg 300w, https:\/\/www.rvdv.net\/vincennes\/wp-content\/uploads\/sites\/5\/2015\/01\/carte-vincennes-1987-scaled-1-1024x683.jpg 1024w, https:\/\/www.rvdv.net\/vincennes\/wp-content\/uploads\/sites\/5\/2015\/01\/carte-vincennes-1987-scaled-1-768x512.jpg 768w, https:\/\/www.rvdv.net\/vincennes\/wp-content\/uploads\/sites\/5\/2015\/01\/carte-vincennes-1987-scaled-1-1536x1024.jpg 1536w, https:\/\/www.rvdv.net\/vincennes\/wp-content\/uploads\/sites\/5\/2015\/01\/carte-vincennes-1987-scaled-1-2048x1366.jpg 2048w\" sizes=\"auto, (max-width: 640px) 100vw, 640px\" \/><\/a><br \/>\n1987<\/p>\n<p><a href=\"https:\/\/www.rvdv.net\/vincennes\/wp-content\/uploads\/sites\/5\/2015\/01\/earth-cadre-28-mars-scaled-1.jpg\" data-rel=\"lightbox-image-3\" data-imagelightbox=\"3\" data-rl_title=\"\" data-rl_caption=\"\" title=\"\"><img loading=\"lazy\" decoding=\"async\" class=\"alignnone wp-image-1015\" src=\"https:\/\/www.rvdv.net\/vincennes\/wp-content\/uploads\/sites\/5\/2015\/01\/earth-cadre-28-mars-scaled-1.jpg\" alt=\"earth-cadre-28-mars\" width=\"640\" height=\"427\" srcset=\"https:\/\/www.rvdv.net\/vincennes\/wp-content\/uploads\/sites\/5\/2015\/01\/earth-cadre-28-mars-scaled-1.jpg 2560w, https:\/\/www.rvdv.net\/vincennes\/wp-content\/uploads\/sites\/5\/2015\/01\/earth-cadre-28-mars-scaled-1-300x200.jpg 300w, https:\/\/www.rvdv.net\/vincennes\/wp-content\/uploads\/sites\/5\/2015\/01\/earth-cadre-28-mars-scaled-1-1024x683.jpg 1024w, https:\/\/www.rvdv.net\/vincennes\/wp-content\/uploads\/sites\/5\/2015\/01\/earth-cadre-28-mars-scaled-1-768x512.jpg 768w, https:\/\/www.rvdv.net\/vincennes\/wp-content\/uploads\/sites\/5\/2015\/01\/earth-cadre-28-mars-scaled-1-1536x1024.jpg 1536w, https:\/\/www.rvdv.net\/vincennes\/wp-content\/uploads\/sites\/5\/2015\/01\/earth-cadre-28-mars-scaled-1-2048x1366.jpg 2048w\" sizes=\"auto, (max-width: 640px) 100vw, 640px\" \/><\/a><br \/>\n2015<\/p>\n<p><a href=\"https:\/\/www.rvdv.net\/vincennes\/wp-content\/uploads\/sites\/5\/2015\/01\/carte-vincennes-1969-2015-new-scaled-1.jpg\" data-rel=\"lightbox-image-4\" data-imagelightbox=\"4\" data-rl_title=\"\" data-rl_caption=\"\" title=\"\"><img loading=\"lazy\" decoding=\"async\" class=\"alignnone wp-image-1017\" src=\"https:\/\/www.rvdv.net\/vincennes\/wp-content\/uploads\/sites\/5\/2015\/01\/carte-vincennes-1969-2015-new-scaled-1.jpg\" alt=\"carte-vincennes-1969-2015-new\" width=\"640\" height=\"427\" srcset=\"https:\/\/www.rvdv.net\/vincennes\/wp-content\/uploads\/sites\/5\/2015\/01\/carte-vincennes-1969-2015-new-scaled-1.jpg 2560w, https:\/\/www.rvdv.net\/vincennes\/wp-content\/uploads\/sites\/5\/2015\/01\/carte-vincennes-1969-2015-new-scaled-1-300x200.jpg 300w, https:\/\/www.rvdv.net\/vincennes\/wp-content\/uploads\/sites\/5\/2015\/01\/carte-vincennes-1969-2015-new-scaled-1-1024x683.jpg 1024w, https:\/\/www.rvdv.net\/vincennes\/wp-content\/uploads\/sites\/5\/2015\/01\/carte-vincennes-1969-2015-new-scaled-1-768x512.jpg 768w, https:\/\/www.rvdv.net\/vincennes\/wp-content\/uploads\/sites\/5\/2015\/01\/carte-vincennes-1969-2015-new-scaled-1-1536x1024.jpg 1536w, https:\/\/www.rvdv.net\/vincennes\/wp-content\/uploads\/sites\/5\/2015\/01\/carte-vincennes-1969-2015-new-scaled-1-2048x1366.jpg 2048w\" sizes=\"auto, (max-width: 640px) 100vw, 640px\" \/><\/a><br \/>\nEmplacement des b\u00e2timents et du parking (rouge) et d&rsquo;arbres rep\u00e8res (vert, ch\u00eanes \u00e0 l&rsquo;entr\u00e9e, c\u00e8dres au fond)<\/p>\n","protected":false},"excerpt":{"rendered":"<p>Vues a\u00e9riennes et satellitaires du site de l&rsquo;Universit\u00e9 de Vincennes dans le Bois de Vincennes, Paris 12e. Dates : 1969 (juste apr\u00e8s la construction), 1981 (juste apr\u00e8s la destruction), 1987 (plantations), 2015. 1969 1981 1987 2015 Emplacement des b\u00e2timents et du parking (rouge) et d&rsquo;arbres rep\u00e8res (vert, ch\u00eanes \u00e0 l&rsquo;entr\u00e9e, c\u00e8dres au fond)<\/p>\n","protected":false},"author":2,"featured_media":0,"parent":0,"menu_order":0,"comment_status":"closed","ping_status":"open","template":"","meta":{"footnotes":""},"class_list":["post-9","page","type-page","status-publish","hentry"],"_links":{"self":[{"href":"https:\/\/www.rvdv.net\/vincennes\/wp-json\/wp\/v2\/pages\/9","targetHints":{"allow":["GET"]}}],"collection":[{"href":"https:\/\/www.rvdv.net\/vincennes\/wp-json\/wp\/v2\/pages"}],"about":[{"href":"https:\/\/www.rvdv.net\/vincennes\/wp-json\/wp\/v2\/types\/page"}],"author":[{"embeddable":true,"href":"https:\/\/www.rvdv.net\/vincennes\/wp-json\/wp\/v2\/users\/2"}],"replies":[{"embeddable":true,"href":"https:\/\/www.rvdv.net\/vincennes\/wp-json\/wp\/v2\/comments?post=9"}],"version-history":[{"count":3,"href":"https:\/\/www.rvdv.net\/vincennes\/wp-json\/wp\/v2\/pages\/9\/revisions"}],"predecessor-version":[{"id":1799,"href":"https:\/\/www.rvdv.net\/vincennes\/wp-json\/wp\/v2\/pages\/9\/revisions\/1799"}],"wp:attachment":[{"href":"https:\/\/www.rvdv.net\/vincennes\/wp-json\/wp\/v2\/media?parent=9"}],"curies":[{"name":"wp","href":"https:\/\/api.w.org\/{rel}","templated":true}]}}